{"id":1340,"date":"2021-02-26T15:02:59","date_gmt":"2021-02-26T15:02:59","guid":{"rendered":"https:\/\/pksw.ch\/?page_id=1340"},"modified":"2023-11-03T09:43:37","modified_gmt":"2023-11-03T09:43:37","slug":"nachaltige-vermoegensanlage","status":"publish","type":"page","link":"https:\/\/pksw.ch\/index.php\/nachaltige-vermoegensanlage\/","title":{"rendered":"Nachhaltige Verm\u00f6gensanlage"},"content":{"rendered":"\n<p>Nachhaltige Anlageprinzipien ber\u00fccksichtigen \u00f6konomische, ethische, \u00f6kologische und gesellschaftliche Kriterien sowie eine gute Unternehmensf\u00fchrung bei den Anlageentscheidungen (verk\u00fcrzt <strong><span style=\"color: #000000;\" class=\"ugb-highlight\">ESG<\/span><\/strong> Kriterien: Environment, Social und Governance). Als langfristige Investorin ist sich die PKSW ihrer Verantwortung bewusst und beurteilt ihre Investitionen nach ESG Anlagekriterien. Dabei werden die ESG Anlageprinzipien soweit wie m\u00f6glich auf alle Anlageklassen angewendet. Im Rahmen des \u00abEnvironment\u00bb ber\u00fccksichtigt die PKSW Klimawandelrisiken und Klimawirkungen bei ihren Anlageentscheiden. Die PKSW orientiert sich in ihrer Nachhaltigkeitsstrategie an global akzeptierten Normen und nicht an subjektiven Werten bzw. Wertempfindungen. Als global akzeptierte Normen werden die internationalen, von der Schweiz ratifizierten Konventionen sowie die 10 Prinzipien des UN Global Compact erachtet. Als engagierte Investorin setzt sich die PKSW bei Unternehmen und Managern ein, um bei ihnen ein nachhaltiges Wirtschaften und Anlegen durchzusetzen. Erg\u00e4nzend schliesst die PKSW Firmen aus dem Anlageuniversum aus, welche den oben erw\u00e4hnten Normen nicht entsprechen.<\/p>\n\n\n\n<p>Die Nachhaltigkeitsstrategie der PKSW wird in einem Umsetzungskonzept festgehalten, sie finden das Dokument <a href=\"https:\/\/pksw.ch\/wp-content\/uploads\/2023\/11\/230927-Umsetzungskonzept-Nachhaltigkeit_def.pdf\" data-type=\"link\" data-id=\"https:\/\/pksw.ch\/wp-content\/uploads\/2023\/11\/230927-Umsetzungskonzept-Nachhaltigkeit_def.pdf\" target=\"_blank\" rel=\"noreferrer noopener\">hier<\/a>. <\/p>\n","protected":false},"excerpt":{"rendered":"<p>Nachhaltige Anlageprinzipien ber\u00fccksichtigen \u00f6konomische, ethische, \u00f6kologische und gesellschaftliche Kriterien sowie eine gute Unternehmensf\u00fchrung bei den Anlageentscheidungen (verk\u00fcrzt ESG Kriterien: Environment, Social und [&hellip;]<\/p>\n","protected":false},"author":3,"featured_media":0,"parent":0,"menu_order":0,"comment_status":"closed","ping_status":"closed","template":"","meta":{"_acf_changed":false,"footnotes":""},"class_list":["post-1340","page","type-page","status-publish","hentry"],"acf":[],"featured_image_urls_v2":{"full":"","thumbnail":"","medium":"","medium_large":"","large":"","1536x1536":"","2048x2048":"","small-thumbnail":"","square-thumbnail":"","banner-image":"","mailpoet_newsletter_max":""},"post_excerpt_stackable_v2":"<p>Nachhaltige Anlageprinzipien ber\u00fccksichtigen \u00f6konomische, ethische, \u00f6kologische und gesellschaftliche Kriterien sowie eine gute Unternehmensf\u00fchrung bei den Anlageentscheidungen (verk\u00fcrzt ESG Kriterien: Environment, Social und Governance). Als langfristige Investorin ist sich die PKSW ihrer Verantwortung bewusst und beurteilt ihre Investitionen nach ESG Anlagekriterien. Dabei werden die ESG Anlageprinzipien soweit wie m\u00f6glich auf alle Anlageklassen angewendet. Im Rahmen des \u00abEnvironment\u00bb ber\u00fccksichtigt die PKSW Klimawandelrisiken und Klimawirkungen bei ihren Anlageentscheiden. Die PKSW orientiert sich in ihrer Nachhaltigkeitsstrategie an global akzeptierten Normen und nicht an subjektiven Werten bzw. Wertempfindungen. Als global akzeptierte Normen werden die internationalen, von der Schweiz ratifizierten Konventionen sowie die 10 Prinzipien des&hellip;<\/p>\n","category_list_v2":"","author_info_v2":{"name":"Seraina Bossi","url":"https:\/\/pksw.ch\/index.php\/author\/pksw\/"},"comments_num_v2":"0 comments","_links":{"self":[{"href":"https:\/\/pksw.ch\/index.php\/wp-json\/wp\/v2\/pages\/1340","targetHints":{"allow":["GET"]}}],"collection":[{"href":"https:\/\/pksw.ch\/index.php\/wp-json\/wp\/v2\/pages"}],"about":[{"href":"https:\/\/pksw.ch\/index.php\/wp-json\/wp\/v2\/types\/page"}],"author":[{"embeddable":true,"href":"https:\/\/pksw.ch\/index.php\/wp-json\/wp\/v2\/users\/3"}],"replies":[{"embeddable":true,"href":"https:\/\/pksw.ch\/index.php\/wp-json\/wp\/v2\/comments?post=1340"}],"version-history":[{"count":11,"href":"https:\/\/pksw.ch\/index.php\/wp-json\/wp\/v2\/pages\/1340\/revisions"}],"predecessor-version":[{"id":3043,"href":"https:\/\/pksw.ch\/index.php\/wp-json\/wp\/v2\/pages\/1340\/revisions\/3043"}],"wp:attachment":[{"href":"https:\/\/pksw.ch\/index.php\/wp-json\/wp\/v2\/media?parent=1340"}],"curies":[{"name":"wp","href":"https:\/\/api.w.org\/{rel}","templated":true}]}}