{"id":1520,"date":"2021-04-20T11:40:23","date_gmt":"2021-04-20T11:40:23","guid":{"rendered":"https:\/\/pksw.ch\/?page_id=1520"},"modified":"2021-04-21T06:02:46","modified_gmt":"2021-04-21T06:02:46","slug":"links","status":"publish","type":"page","link":"https:\/\/pksw.ch\/index.php\/links\/","title":{"rendered":"Links"},"content":{"rendered":"\n<p>Hier finden Sie n\u00fctzliche Links rund um die berufliche Vorsorge: <\/p>\n\n\n\n<p><a rel=\"noreferrer noopener\" href=\"https:\/\/svazurich.ch\/\" target=\"_blank\">Kantonale Ausgleichskasse: SVA Z\u00fcrich<\/a> <\/p>\n\n\n\n<p><a rel=\"noreferrer noopener\" href=\"https:\/\/www.bsv.admin.ch\/bsv\/de\/home.html\" target=\"_blank\">Bundesamt f\u00fcr Sozialversicherungen BSV<\/a><\/p>\n\n\n\n<p><a href=\"http:\/\/www.sfbvg.ch\/xml_1\/internet\/de\/intro.cfm\" target=\"_blank\" rel=\"noreferrer noopener\">Sicherheitsfonds BVG<\/a><\/p>\n\n\n\n<p><a rel=\"noreferrer noopener\" href=\"https:\/\/www.fedlex.admin.ch\/eli\/cc\/1984\/543_543_543\/de\" target=\"_blank\">BVG Gesetzestexte<\/a><\/p>\n\n\n\n<p><a rel=\"noreferrer noopener\" href=\"https:\/\/www.bvgauskuenfte.ch\/\" target=\"_blank\">BVG Ausk\u00fcnfte<\/a><\/p>\n\n\n\n<p><a rel=\"noreferrer noopener\" href=\"https:\/\/web.aeis.ch\/\" target=\"_blank\">Stiftung Auffangeinrichtung BVG <\/a><\/p>\n\n\n\n<p><a rel=\"noreferrer noopener\" href=\"https:\/\/www.asip.ch\/de\/\" target=\"_blank\">Schweizerischer Pensionskassenverband ASIP<\/a><\/p>\n\n\n\n<p><a rel=\"noreferrer noopener\" href=\"https:\/\/www.vorsorgeforum.ch\/\" target=\"_blank\">Vorsorgeforum<\/a><\/p>\n\n\n\n<p><a rel=\"noreferrer noopener\" href=\"https:\/\/vps.epas.ch\/\" target=\"_blank\">Schweizer Personalvorsorge<\/a><\/p>\n\n\n\n<p>Sie haben das Gesuchte nicht gefunden? <br>Bitte kontaktieren Sie uns, wir helfen Ihnen gerne: <a href=\"https:\/\/pksw.ch\/index.php\/kontaktformular\/\" data-type=\"page\" data-id=\"617\">Kontaktformular<\/a><\/p>\n","protected":false},"excerpt":{"rendered":"<p>Hier finden Sie n\u00fctzliche Links rund um die berufliche Vorsorge: Kantonale Ausgleichskasse: SVA Z\u00fcrich Bundesamt f\u00fcr Sozialversicherungen BSV Sicherheitsfonds BVG BVG Gesetzestexte [&hellip;]<\/p>\n","protected":false},"author":3,"featured_media":0,"parent":0,"menu_order":0,"comment_status":"closed","ping_status":"closed","template":"","meta":{"_acf_changed":false,"footnotes":""},"class_list":["post-1520","page","type-page","status-publish","hentry"],"acf":[],"featured_image_urls_v2":{"full":"","thumbnail":"","medium":"","medium_large":"","large":"","1536x1536":"","2048x2048":"","small-thumbnail":"","square-thumbnail":"","banner-image":"","mailpoet_newsletter_max":""},"post_excerpt_stackable_v2":"<p>Hier finden Sie n\u00fctzliche Links rund um die berufliche Vorsorge: Kantonale Ausgleichskasse: SVA Z\u00fcrich Bundesamt f\u00fcr Sozialversicherungen BSV Sicherheitsfonds BVG BVG Gesetzestexte BVG Ausk\u00fcnfte Stiftung Auffangeinrichtung BVG Schweizerischer Pensionskassenverband ASIP Vorsorgeforum Schweizer Personalvorsorge Sie haben das Gesuchte nicht gefunden? Bitte kontaktieren Sie uns, wir helfen Ihnen gerne: Kontaktformular<\/p>\n","category_list_v2":"","author_info_v2":{"name":"Seraina Bossi","url":"https:\/\/pksw.ch\/index.php\/author\/pksw\/"},"comments_num_v2":"0 comments","_links":{"self":[{"href":"https:\/\/pksw.ch\/index.php\/wp-json\/wp\/v2\/pages\/1520","targetHints":{"allow":["GET"]}}],"collection":[{"href":"https:\/\/pksw.ch\/index.php\/wp-json\/wp\/v2\/pages"}],"about":[{"href":"https:\/\/pksw.ch\/index.php\/wp-json\/wp\/v2\/types\/page"}],"author":[{"embeddable":true,"href":"https:\/\/pksw.ch\/index.php\/wp-json\/wp\/v2\/users\/3"}],"replies":[{"embeddable":true,"href":"https:\/\/pksw.ch\/index.php\/wp-json\/wp\/v2\/comments?post=1520"}],"version-history":[{"count":3,"href":"https:\/\/pksw.ch\/index.php\/wp-json\/wp\/v2\/pages\/1520\/revisions"}],"predecessor-version":[{"id":1525,"href":"https:\/\/pksw.ch\/index.php\/wp-json\/wp\/v2\/pages\/1520\/revisions\/1525"}],"wp:attachment":[{"href":"https:\/\/pksw.ch\/index.php\/wp-json\/wp\/v2\/media?parent=1520"}],"curies":[{"name":"wp","href":"https:\/\/api.w.org\/{rel}","templated":true}]}}