{"id":17177,"date":"2025-01-22T15:12:06","date_gmt":"2025-01-22T15:12:06","guid":{"rendered":"https:\/\/pksw.ch\/?page_id=17177"},"modified":"2025-01-22T15:17:05","modified_gmt":"2025-01-22T15:17:05","slug":"heirat-scheidung","status":"publish","type":"page","link":"https:\/\/pksw.ch\/index.php\/heirat-scheidung\/","title":{"rendered":"Heirat &amp; Scheidung"},"content":{"rendered":"\n<p><strong><span style=\"color: #000000;\" class=\"stk-highlight\">Heirat &amp; Eingetragene Partnerschaft <\/span><\/strong><\/p>\n\n\n\n<p>Eine Heirat hat auch Auswirkungen auf Ihre Altersvorsorge. Daher ben\u00f6tigen wir das Datum Ihrer Ziviltrauung, um die Berechnung Ihres Freiz\u00fcgigkeitsguthabens per Heirat zu ermitteln. Sollten Sie bei der Heirat Ihren Namen wechseln, muss uns dies auch mitgeteilt werden. <br>Grunds\u00e4tzlich meldet uns Ihre Arbeitgeberin die Heirat bzw. die Eintragung der Partnerschaft. Durch die Meldungen Ihrer Arbeitgeberin k\u00f6nnen wir sicherstellen, dass Ihre Altersvorsorge korrekt angepasst wird und alle Anspr\u00fcche ordnungsgem\u00e4ss ber\u00fccksichtigt werden.<\/p>\n\n\n\n<p><strong><span style=\"color: #000000;\" class=\"stk-highlight\">Scheidung<\/span><\/strong><\/p>\n\n\n\n<p>Nach dem Scheidungsrecht haben beide Ehegatten Anspruch auf die H\u00e4lfte der w\u00e4hrend der Ehe erworbenen Freiz\u00fcgigkeitsleistung des anderen Ehegatten. Um diese Teilung vorzunehmen, ben\u00f6tigt das Scheidungsgericht eine Durchf\u00fchrbarkeitserkl\u00e4rung, in der das Vorsorgeguthaben und alle weiteren f\u00fcr das Gericht relevanten Informationen aufgef\u00fchrt sind.<\/p>\n\n\n\n<p>Eine Durchf\u00fchrbarkeitserkl\u00e4rung k\u00f6nnen Sie telefonisch oder per <a href=\"https:\/\/pksw.ch\/index.php\/kontakt\/\" data-type=\"page\" data-id=\"15\">E-Mail<\/a>  bei uns zu bestellen.  Dazu ben\u00f6tigen wir folgende Angaben von Ihnen:<\/p>\n\n\n\n<ul class=\"wp-block-list\">\n<li>Datum der Eheschliessung (zivil)<\/li>\n\n\n\n<li>Einleitungsdatum der Scheidung<\/li>\n<\/ul>\n\n\n\n<p>Sobald das rechtskr\u00e4ftige Urteil vom zust\u00e4ndigen Gericht gesprochen ist, wird Ihre zust\u00e4ndige Pensionskasse \u00fcber die Ausgleichszahlung informiert. Nach erfolgter Ein-\/ Auszahlung erhalten Sie einen neuen Leistungsausweis mit Ihrem aktualisierten Altersguthaben. Sie haben dadurch die M\u00f6glichkeit zum Wiedereinkauf. <\/p>\n\n\n\n<p><\/p>\n","protected":false},"excerpt":{"rendered":"<p>Heirat &amp; Eingetragene Partnerschaft Eine Heirat hat auch Auswirkungen auf Ihre Altersvorsorge. Daher ben\u00f6tigen wir das Datum Ihrer Ziviltrauung, um die Berechnung [&hellip;]<\/p>\n","protected":false},"author":3,"featured_media":0,"parent":0,"menu_order":0,"comment_status":"closed","ping_status":"closed","template":"","meta":{"_acf_changed":false,"footnotes":""},"class_list":["post-17177","page","type-page","status-publish","hentry"],"acf":[],"featured_image_urls_v2":{"full":"","thumbnail":"","medium":"","medium_large":"","large":"","1536x1536":"","2048x2048":"","small-thumbnail":"","square-thumbnail":"","banner-image":"","mailpoet_newsletter_max":""},"post_excerpt_stackable_v2":"<p>Heirat &amp; Eingetragene Partnerschaft Eine Heirat hat auch Auswirkungen auf Ihre Altersvorsorge. Daher ben\u00f6tigen wir das Datum Ihrer Ziviltrauung, um die Berechnung Ihres Freiz\u00fcgigkeitsguthabens per Heirat zu ermitteln. Sollten Sie bei der Heirat Ihren Namen wechseln, muss uns dies auch mitgeteilt werden. Grunds\u00e4tzlich meldet uns Ihre Arbeitgeberin die Heirat bzw. die Eintragung der Partnerschaft. Durch die Meldungen Ihrer Arbeitgeberin k\u00f6nnen wir sicherstellen, dass Ihre Altersvorsorge korrekt angepasst wird und alle Anspr\u00fcche ordnungsgem\u00e4ss ber\u00fccksichtigt werden. Scheidung Nach dem Scheidungsrecht haben beide Ehegatten Anspruch auf die H\u00e4lfte der w\u00e4hrend der Ehe erworbenen Freiz\u00fcgigkeitsleistung des anderen Ehegatten. Um diese Teilung vorzunehmen, ben\u00f6tigt das&hellip;<\/p>\n","category_list_v2":"","author_info_v2":{"name":"Seraina Bossi","url":"https:\/\/pksw.ch\/index.php\/author\/pksw\/"},"comments_num_v2":"0 comments","_links":{"self":[{"href":"https:\/\/pksw.ch\/index.php\/wp-json\/wp\/v2\/pages\/17177","targetHints":{"allow":["GET"]}}],"collection":[{"href":"https:\/\/pksw.ch\/index.php\/wp-json\/wp\/v2\/pages"}],"about":[{"href":"https:\/\/pksw.ch\/index.php\/wp-json\/wp\/v2\/types\/page"}],"author":[{"embeddable":true,"href":"https:\/\/pksw.ch\/index.php\/wp-json\/wp\/v2\/users\/3"}],"replies":[{"embeddable":true,"href":"https:\/\/pksw.ch\/index.php\/wp-json\/wp\/v2\/comments?post=17177"}],"version-history":[{"count":3,"href":"https:\/\/pksw.ch\/index.php\/wp-json\/wp\/v2\/pages\/17177\/revisions"}],"predecessor-version":[{"id":17180,"href":"https:\/\/pksw.ch\/index.php\/wp-json\/wp\/v2\/pages\/17177\/revisions\/17180"}],"wp:attachment":[{"href":"https:\/\/pksw.ch\/index.php\/wp-json\/wp\/v2\/media?parent=17177"}],"curies":[{"name":"wp","href":"https:\/\/api.w.org\/{rel}","templated":true}]}}