{"id":17460,"date":"2025-09-02T14:14:30","date_gmt":"2025-09-02T14:14:30","guid":{"rendered":"https:\/\/pksw.ch\/?page_id=17460"},"modified":"2026-03-10T10:38:50","modified_gmt":"2026-03-10T10:38:50","slug":"anlagestrategie-und-vermoegensstruktur","status":"publish","type":"page","link":"https:\/\/pksw.ch\/index.php\/anlagestrategie-und-vermoegensstruktur\/","title":{"rendered":"Anlagestrategie und Verm\u00f6gensstruktur"},"content":{"rendered":"\n<p class=\"has-text-align-left\">Als Pensionskasse \u00fcberpr\u00fcfen wir unsere \u00fcbergeordnete Anlagestrategie regelm\u00e4ssig im Rahmen einer sogenannten Asset-Liability-Management-Studie (ALM-Studie). Dabei handelt es sich um eine umfassende Analyse, mit der wir sicherstellen, dass unser Verm\u00f6gen langfristig ausreicht, um unsere Verpflichtungen zu erf\u00fcllen \u2013 sowohl die heutigen als auch die k\u00fcnftigen Rentenzahlungen an unsere Versicherten. Auf Basis der erwarteten Risiken und Ertr\u00e4ge der verschiedenen Anlageklassen sowie unter Ber\u00fcck-sichtigung der Risikotoleranz der PKSW legen wir die strategische Ausrichtung unserer Anlagen fest.<\/p>\n\n\n\n<p>Unsere aktuelle Anlagestrategie ist hier ersichtlich:<\/p>\n\n\n\n<figure class=\"wp-block-image size-large is-style-default\"><a href=\"https:\/\/pksw.ch\/wp-content\/uploads\/2025\/05\/Anlagestrategie-2025.pdf\" target=\"_blank\" rel=\"Grossansicht noopener\"><img decoding=\"async\" src=\"https:\/\/pksw.ch\/wp-content\/uploads\/2025\/05\/Anlagestrategie-2025.png\" alt=\"\" style=\"aspect-ratio:1.83206106870229\"\/><\/a><\/figure>\n\n\n\n<p>Im Laufe des Jahres k\u00f6nnen sich die Gewichtungen einzelner Anlagen je nach Markt-entwicklung vor\u00fcbergehend ver\u00e4ndern. Diese Schwankungen erfolgen jedoch stets innerhalb klar definierter Risikobandbreiten.<\/p>\n\n\n\n<p><br><strong>Aktuelle Verm\u00f6gensstruktur<br><\/strong>Verm\u00f6gensstruktur per 31.12.2025<br><\/p>\n\n\n\n<figure class=\"wp-block-image size-large\"><a href=\"https:\/\/pksw.ch\/wp-content\/uploads\/2026\/03\/251231-Reporting-Allokation.pdf\"><img loading=\"lazy\" decoding=\"async\" width=\"1024\" height=\"724\" src=\"https:\/\/pksw.ch\/wp-content\/uploads\/2026\/03\/251231-Reporting-Allokation-1024x724.png\" alt=\"\" class=\"wp-image-17733\" srcset=\"https:\/\/pksw.ch\/wp-content\/uploads\/2026\/03\/251231-Reporting-Allokation-1024x724.png 1024w, https:\/\/pksw.ch\/wp-content\/uploads\/2026\/03\/251231-Reporting-Allokation-300x212.png 300w, https:\/\/pksw.ch\/wp-content\/uploads\/2026\/03\/251231-Reporting-Allokation-768x543.png 768w, https:\/\/pksw.ch\/wp-content\/uploads\/2026\/03\/251231-Reporting-Allokation-1536x1086.png 1536w, https:\/\/pksw.ch\/wp-content\/uploads\/2026\/03\/251231-Reporting-Allokation-2048x1447.png 2048w, https:\/\/pksw.ch\/wp-content\/uploads\/2026\/03\/251231-Reporting-Allokation-1320x933.png 1320w\" sizes=\"auto, (max-width: 1024px) 100vw, 1024px\" \/><\/a><\/figure>\n","protected":false},"excerpt":{"rendered":"<p>Als Pensionskasse \u00fcberpr\u00fcfen wir unsere \u00fcbergeordnete Anlagestrategie regelm\u00e4ssig im Rahmen einer sogenannten Asset-Liability-Management-Studie (ALM-Studie). Dabei handelt es sich um eine umfassende Analyse, [&hellip;]<\/p>\n","protected":false},"author":8,"featured_media":0,"parent":0,"menu_order":0,"comment_status":"closed","ping_status":"closed","template":"","meta":{"_acf_changed":false,"footnotes":""},"class_list":["post-17460","page","type-page","status-publish","hentry"],"acf":[],"featured_image_urls_v2":{"full":"","thumbnail":"","medium":"","medium_large":"","large":"","1536x1536":"","2048x2048":"","small-thumbnail":"","square-thumbnail":"","banner-image":"","mailpoet_newsletter_max":""},"post_excerpt_stackable_v2":"<p>Als Pensionskasse \u00fcberpr\u00fcfen wir unsere \u00fcbergeordnete Anlagestrategie regelm\u00e4ssig im Rahmen einer sogenannten Asset-Liability-Management-Studie (ALM-Studie). Dabei handelt es sich um eine umfassende Analyse, mit der wir sicherstellen, dass unser Verm\u00f6gen langfristig ausreicht, um unsere Verpflichtungen zu erf\u00fcllen \u2013 sowohl die heutigen als auch die k\u00fcnftigen Rentenzahlungen an unsere Versicherten. Auf Basis der erwarteten Risiken und Ertr\u00e4ge der verschiedenen Anlageklassen sowie unter Ber\u00fcck-sichtigung der Risikotoleranz der PKSW legen wir die strategische Ausrichtung unserer Anlagen fest. Unsere aktuelle Anlagestrategie ist hier ersichtlich: Im Laufe des Jahres k\u00f6nnen sich die Gewichtungen einzelner Anlagen je nach Markt-entwicklung vor\u00fcbergehend ver\u00e4ndern. Diese Schwankungen erfolgen jedoch stets innerhalb&hellip;<\/p>\n","category_list_v2":"","author_info_v2":{"name":"Andreas Gull","url":"https:\/\/pksw.ch\/index.php\/author\/pksw_2\/"},"comments_num_v2":"0 comments","_links":{"self":[{"href":"https:\/\/pksw.ch\/index.php\/wp-json\/wp\/v2\/pages\/17460","targetHints":{"allow":["GET"]}}],"collection":[{"href":"https:\/\/pksw.ch\/index.php\/wp-json\/wp\/v2\/pages"}],"about":[{"href":"https:\/\/pksw.ch\/index.php\/wp-json\/wp\/v2\/types\/page"}],"author":[{"embeddable":true,"href":"https:\/\/pksw.ch\/index.php\/wp-json\/wp\/v2\/users\/8"}],"replies":[{"embeddable":true,"href":"https:\/\/pksw.ch\/index.php\/wp-json\/wp\/v2\/comments?post=17460"}],"version-history":[{"count":17,"href":"https:\/\/pksw.ch\/index.php\/wp-json\/wp\/v2\/pages\/17460\/revisions"}],"predecessor-version":[{"id":17737,"href":"https:\/\/pksw.ch\/index.php\/wp-json\/wp\/v2\/pages\/17460\/revisions\/17737"}],"wp:attachment":[{"href":"https:\/\/pksw.ch\/index.php\/wp-json\/wp\/v2\/media?parent=17460"}],"curies":[{"name":"wp","href":"https:\/\/api.w.org\/{rel}","templated":true}]}}