{"id":17470,"date":"2025-09-02T14:05:30","date_gmt":"2025-09-02T14:05:30","guid":{"rendered":"https:\/\/pksw.ch\/?page_id=17470"},"modified":"2026-01-28T13:08:45","modified_gmt":"2026-01-28T13:08:45","slug":"anlagerendite-deckungsgrad-2","status":"publish","type":"page","link":"https:\/\/pksw.ch\/index.php\/anlagerendite-deckungsgrad-2\/","title":{"rendered":"Anlagerendite &amp; Deckungsgrad"},"content":{"rendered":"\n<p>In der nachfolgenden Tabelle werden f\u00fcr das aktuelle Jahr pro Quartal die erzielten Nettorenditen, d.h. nach Kosten, ausgewiesen. Der Deckungsgrad basiert unterj\u00e4hrig auf einer Sch\u00e4tzung aufgrund der erzielten Rendite.<\/p>\n\n\n\n<figure class=\"wp-block-table\"><table class=\"has-fixed-layout\"><tbody><tr><td><span style=\"color: #000000;\" class=\"stk-highlight\"><strong>Aktuelle Entwicklung<\/strong><\/span><\/td><td><span style=\"color: #abb8c3;\" class=\"stk-highlight\">Nettorendite<\/span><\/td><td><span style=\"color: #abb8c3;\" class=\"stk-highlight\">Deckungsgrad<\/span><\/td><\/tr><tr><td>1. Quartal 2025<\/td><td>+0.1 %<\/td><td>103.3 %<\/td><\/tr><tr><td>2. Quartal 2025<\/td><td>+0.9 %<\/td><td>103.9 %<\/td><\/tr><tr><td>3. Quartal 2025<\/td><td>+2.6 %<\/td><td>106.8 %<\/td><\/tr><tr><td>4. Quartal 2025 <\/td><td>+2.6 %<\/td><td>108.7 %<\/td><\/tr><tr><td>f\u00fcr das ganze Jahr*<\/td><td>+6.5%<\/td><td>108.7 %<\/td><\/tr><\/tbody><\/table><\/figure>\n\n\n\n<div class=\"wp-block-stackable-text stk-block-text stk-block stk-bcb6c4e\" data-block-id=\"bcb6c4e\"><style>.stk-bcb6c4e {margin-bottom:0px !important;}.stk-bcb6c4e .stk-block-text__text{font-size:13px !important;}@media screen and (max-width: 1023px){.stk-bcb6c4e .stk-block-text__text{font-size:13px !important;}}<\/style><p class=\"stk-block-text__text\">*Stand 31.12.2025 (provisorisch)<\/p><\/div>\n\n\n\n<p><\/p>\n\n\n\n<p>Die folgende Grafik zeigt, die j\u00e4hrlichen Nettorenditen der PKSW seit ihrer Verselbstst\u00e4ndigung im 2014:<\/p>\n\n\n\n<figure class=\"wp-block-image size-full\"><img loading=\"lazy\" decoding=\"async\" width=\"1019\" height=\"459\" src=\"https:\/\/pksw.ch\/wp-content\/uploads\/2026\/01\/image-3.png\" alt=\"\" class=\"wp-image-17681\" srcset=\"https:\/\/pksw.ch\/wp-content\/uploads\/2026\/01\/image-3.png 1019w, https:\/\/pksw.ch\/wp-content\/uploads\/2026\/01\/image-3-300x135.png 300w, https:\/\/pksw.ch\/wp-content\/uploads\/2026\/01\/image-3-768x346.png 768w\" sizes=\"auto, (max-width: 1019px) 100vw, 1019px\" \/><\/figure>\n\n\n\n<p>Entwicklung des Deckungsgrads:<\/p>\n\n\n\n<figure class=\"wp-block-image size-full\"><img loading=\"lazy\" decoding=\"async\" width=\"1019\" height=\"452\" src=\"https:\/\/pksw.ch\/wp-content\/uploads\/2026\/01\/image-2.png\" alt=\"\" class=\"wp-image-17679\" srcset=\"https:\/\/pksw.ch\/wp-content\/uploads\/2026\/01\/image-2.png 1019w, https:\/\/pksw.ch\/wp-content\/uploads\/2026\/01\/image-2-300x133.png 300w, https:\/\/pksw.ch\/wp-content\/uploads\/2026\/01\/image-2-768x341.png 768w\" sizes=\"auto, (max-width: 1019px) 100vw, 1019px\" \/><\/figure>\n\n\n\n<p><\/p>\n","protected":false},"excerpt":{"rendered":"<p>In der nachfolgenden Tabelle werden f\u00fcr das aktuelle Jahr pro Quartal die erzielten Nettorenditen, d.h. nach Kosten, ausgewiesen. Der Deckungsgrad basiert unterj\u00e4hrig [&hellip;]<\/p>\n","protected":false},"author":8,"featured_media":0,"parent":0,"menu_order":0,"comment_status":"closed","ping_status":"closed","template":"","meta":{"_acf_changed":false,"footnotes":""},"class_list":["post-17470","page","type-page","status-publish","hentry"],"acf":[],"featured_image_urls_v2":{"full":"","thumbnail":"","medium":"","medium_large":"","large":"","1536x1536":"","2048x2048":"","small-thumbnail":"","square-thumbnail":"","banner-image":"","mailpoet_newsletter_max":""},"post_excerpt_stackable_v2":"<p>In der nachfolgenden Tabelle werden f\u00fcr das aktuelle Jahr pro Quartal die erzielten Nettorenditen, d.h. nach Kosten, ausgewiesen. Der Deckungsgrad basiert unterj\u00e4hrig auf einer Sch\u00e4tzung aufgrund der erzielten Rendite. Aktuelle EntwicklungNettorenditeDeckungsgrad1. Quartal 2025+0.1 %103.3 %2. Quartal 2025+0.9 %103.9 %3. Quartal 2025+2.6 %106.8 %4. Quartal 2025 +2.6 %108.7 %f\u00fcr das ganze Jahr*+6.5%108.7 % *Stand 31.12.2025 (provisorisch) Die folgende Grafik zeigt, die j\u00e4hrlichen Nettorenditen der PKSW seit ihrer Verselbstst\u00e4ndigung im 2014: Entwicklung des Deckungsgrads:<\/p>\n","category_list_v2":"","author_info_v2":{"name":"Andreas Gull","url":"https:\/\/pksw.ch\/index.php\/author\/pksw_2\/"},"comments_num_v2":"0 comments","_links":{"self":[{"href":"https:\/\/pksw.ch\/index.php\/wp-json\/wp\/v2\/pages\/17470","targetHints":{"allow":["GET"]}}],"collection":[{"href":"https:\/\/pksw.ch\/index.php\/wp-json\/wp\/v2\/pages"}],"about":[{"href":"https:\/\/pksw.ch\/index.php\/wp-json\/wp\/v2\/types\/page"}],"author":[{"embeddable":true,"href":"https:\/\/pksw.ch\/index.php\/wp-json\/wp\/v2\/users\/8"}],"replies":[{"embeddable":true,"href":"https:\/\/pksw.ch\/index.php\/wp-json\/wp\/v2\/comments?post=17470"}],"version-history":[{"count":18,"href":"https:\/\/pksw.ch\/index.php\/wp-json\/wp\/v2\/pages\/17470\/revisions"}],"predecessor-version":[{"id":17682,"href":"https:\/\/pksw.ch\/index.php\/wp-json\/wp\/v2\/pages\/17470\/revisions\/17682"}],"wp:attachment":[{"href":"https:\/\/pksw.ch\/index.php\/wp-json\/wp\/v2\/media?parent=17470"}],"curies":[{"name":"wp","href":"https:\/\/api.w.org\/{rel}","templated":true}]}}