{"id":17841,"date":"2026-05-08T19:41:03","date_gmt":"2026-05-08T19:41:03","guid":{"rendered":"https:\/\/pksw.ch\/?page_id=17841"},"modified":"2026-05-09T07:00:15","modified_gmt":"2026-05-09T07:00:15","slug":"wahlen-stiftungsrat-2026","status":"publish","type":"page","link":"https:\/\/pksw.ch\/index.php\/wahlen-stiftungsrat-2026\/","title":{"rendered":"Stiftungsrats-Wahlen 2026"},"content":{"rendered":"\n<p class=\"has-medium-font-size\">Der Stiftungsrat ist das h\u00f6chste Organ der Pensionskasse der Stadt Winterthur (PKSW). Eine Amtsperiode betr\u00e4gt vier Jahre. Die aktuelle Amtsperiode des Stiftungsrates der PKSW l\u00e4uft per Ende Jahr 2026 aus. Das bedeutet, dass f\u00fcr die n\u00e4chste Amtsperiode (vom 1. Januar 2027 bis zum 31. Dezember 2030) die Mitglieder des Stiftungsrates neu zu w\u00e4hlen sind. Die Details zu den Wahlen k\u00f6nnen Sie im <a href=\"https:\/\/pksw.ch\/wp-content\/uploads\/2026\/01\/Wahlreglement_2026_DEFINITIV.pdf\">PKSW Wahlreglement 2026<\/a> nachlesen.<\/p>\n\n\n\n<p class=\"has-black-color has-text-color has-link-color has-large-font-size wp-elements-de614738fe914c943828330b9ce4e503\"><strong><span style=\"color: #000000;\" class=\"stk-highlight\">Wahlablauf<\/span><\/strong><\/p>\n\n\n\n<p class=\"has-medium-font-size\"><strong>Durchf\u00fchrung der Wahlen<\/strong><br>Zum ersten Mal in der Geschichte der PKSW ist das W\u00e4hlen von Mitgliedern in den Stiftungsrat elektronisch m\u00f6glich. Daneben bieten wir auch in diesem Jahr die M\u00f6glichkeit an, brieflich zu w\u00e4hlen. \u00dcber das genaue Vorgehen werden Sie mittels eines pers\u00f6nlichen Schreibens informiert.<\/p>\n\n\n\n<p class=\"has-medium-font-size\"><strong>Kandidaturphase<\/strong><br>Bereits vor den eigentlichen Wahlen, k\u00f6nnen sich Versicherte der PKSW bei uns melden, sofern sie Interesse an einer Kandidatur f\u00fcr einen der vier Sitze der Arbeitnehmenden im Stiftungsrat haben. Das <a href=\"https:\/\/pksw.ch\/wp-content\/uploads\/2026\/01\/Anforderungsprofil-Stiftungsrat_neu-Anhang-1-zum-Wahlreglement_2026_FINAL.pdf\">Anforderungsprofil f\u00fcr Mitglieder des Stiftungsrates<\/a> k\u00f6nnen Sie hier einsehen und nachlesen.<\/p>\n\n\n\n<p class=\"has-medium-font-size\">Damit wir Ihnen die notwendigen Unterlagen f\u00fcr die Teilnahme an der Wahl als Kandidatin oder Kandidat zustellen k\u00f6nnen, bitten wir Sie sich per Email bis sp\u00e4testens Montag 15. Juni 2026 ans Wahlb\u00fcro <a href=\"mailto:wahlbuero@pksw.ch\">wahlbuero@pksw.ch<\/a> zu wenden. Sofern Sie die Anforderungen f\u00fcr Mitglieder des Stiftungsrates erf\u00fcllen, werden wir Ihnen umgehend die Unterlagen zustellen.<\/p>\n\n\n\n<p class=\"has-medium-font-size\"><strong>Wahlphase<\/strong><br>Die Wahlphase startet mit dem Versand des pers\u00f6nlichen Informationsschreibens, mit welchem Sie die Zugangsdaten f\u00fcr die elektronische Teilnahme an der Wahl erhalten. Zudem werden wir Sie in diesem Schreiben auch \u00fcber die briefliche Teilnahme informieren.<\/p>\n\n\n\n<p class=\"has-medium-font-size\">Gleichzeitig mit dem Versand des Informationsschreibens wird auch das elektronische Wahltool freigeschaltet. Anschliessend haben Sie bis zum Abschluss der Wahlperiode Zeit, Ihre Stimme \u2013 entweder online oder brieflich \u2013 an maximal vier Kandidatinnen oder Kandidaten zu vergeben.<\/p>\n\n\n\n<p class=\"has-black-color has-text-color has-link-color has-large-font-size wp-elements-5fb7e35d39e25d895bc1f22f87a82e67\"><strong><span style=\"color: #000000;\" class=\"stk-highlight\">Termine im \u00dcberblick<\/span><\/strong><\/p>\n\n\n\n<figure class=\"wp-block-table\"><table class=\"has-fixed-layout\"><tbody><tr><td>bereits erfolgt<\/td><td>Briefliche Einladung zur Kandidatur<\/td><\/tr><tr><td>bis 15. Juni 2026<\/td><td>Einreichen von Kandidaturen<\/td><\/tr><tr><td>bis 30. Juni 2026<\/td><td>Pr\u00fcfung der Kandidaturen<\/td><\/tr><tr><td>bis 15. Juli 2026<\/td><td>Versand Zugangsdaten zur Wahl<\/td><\/tr><tr><td>ab 15. Juli 2026<\/td><td>Beginn Wahlperiode<\/td><\/tr><tr><td>bis 31. August 2026<\/td><td>Ende Wahlperiode<\/td><\/tr><tr><td>Bis 11. September 2026<\/td><td>Publikation Wahlergebnisse<\/td><\/tr><tr><td>am 1. Januar 2027<\/td><td>Beginn Amtsperiode 2027&nbsp;\u2013 2030<\/td><\/tr><\/tbody><\/table><\/figure>\n\n\n\n<p><\/p>\n","protected":false},"excerpt":{"rendered":"<p>Der Stiftungsrat ist das h\u00f6chste Organ der Pensionskasse der Stadt Winterthur (PKSW). Eine Amtsperiode betr\u00e4gt vier Jahre. Die aktuelle Amtsperiode des Stiftungsrates [&hellip;]<\/p>\n","protected":false},"author":8,"featured_media":0,"parent":0,"menu_order":0,"comment_status":"closed","ping_status":"closed","template":"","meta":{"_acf_changed":false,"footnotes":""},"class_list":["post-17841","page","type-page","status-publish","hentry"],"acf":[],"featured_image_urls_v2":{"full":"","thumbnail":"","medium":"","medium_large":"","large":"","1536x1536":"","2048x2048":"","small-thumbnail":"","square-thumbnail":"","banner-image":"","mailpoet_newsletter_max":""},"post_excerpt_stackable_v2":"<p>Der Stiftungsrat ist das h\u00f6chste Organ der Pensionskasse der Stadt Winterthur (PKSW). Eine Amtsperiode betr\u00e4gt vier Jahre. Die aktuelle Amtsperiode des Stiftungsrates der PKSW l\u00e4uft per Ende Jahr 2026 aus. Das bedeutet, dass f\u00fcr die n\u00e4chste Amtsperiode (vom 1. Januar 2027 bis zum 31. Dezember 2030) die Mitglieder des Stiftungsrates neu zu w\u00e4hlen sind. Die Details zu den Wahlen k\u00f6nnen Sie im PKSW Wahlreglement 2026 nachlesen. Wahlablauf Durchf\u00fchrung der WahlenZum ersten Mal in der Geschichte der PKSW ist das W\u00e4hlen von Mitgliedern in den Stiftungsrat elektronisch m\u00f6glich. Daneben bieten wir auch in diesem Jahr die M\u00f6glichkeit an, brieflich zu w\u00e4hlen.&hellip;<\/p>\n","category_list_v2":"","author_info_v2":{"name":"Andreas Gull","url":"https:\/\/pksw.ch\/index.php\/author\/pksw_2\/"},"comments_num_v2":"0 comments","_links":{"self":[{"href":"https:\/\/pksw.ch\/index.php\/wp-json\/wp\/v2\/pages\/17841","targetHints":{"allow":["GET"]}}],"collection":[{"href":"https:\/\/pksw.ch\/index.php\/wp-json\/wp\/v2\/pages"}],"about":[{"href":"https:\/\/pksw.ch\/index.php\/wp-json\/wp\/v2\/types\/page"}],"author":[{"embeddable":true,"href":"https:\/\/pksw.ch\/index.php\/wp-json\/wp\/v2\/users\/8"}],"replies":[{"embeddable":true,"href":"https:\/\/pksw.ch\/index.php\/wp-json\/wp\/v2\/comments?post=17841"}],"version-history":[{"count":11,"href":"https:\/\/pksw.ch\/index.php\/wp-json\/wp\/v2\/pages\/17841\/revisions"}],"predecessor-version":[{"id":17856,"href":"https:\/\/pksw.ch\/index.php\/wp-json\/wp\/v2\/pages\/17841\/revisions\/17856"}],"wp:attachment":[{"href":"https:\/\/pksw.ch\/index.php\/wp-json\/wp\/v2\/media?parent=17841"}],"curies":[{"name":"wp","href":"https:\/\/api.w.org\/{rel}","templated":true}]}}