{"id":2112,"date":"2022-05-10T11:50:31","date_gmt":"2022-05-10T11:50:31","guid":{"rendered":"https:\/\/pksw.ch\/?page_id=2112"},"modified":"2022-09-09T14:16:03","modified_gmt":"2022-09-09T14:16:03","slug":"informationen-zu-den-wahlen","status":"publish","type":"page","link":"https:\/\/pksw.ch\/index.php\/informationen-zu-den-wahlen\/","title":{"rendered":"Wahlergebnisse"},"content":{"rendered":"\n<p>Am 6. September erfolgte die Ausz\u00e4hlung der Stimmen durch die Mitglieder des Wahlb\u00fcros. Das Ergebnis der Ausz\u00e4hlung wurde daraufhin dem Stiftungsrat der PKSW weitergeleitet.<\/p>\n\n\n\n<p>Der Stiftungsrat stellt fest, dass die folgenden Kandidierenden als Vertretung der Arbeitnehmenden f\u00fcr die Amtsdauer vom 1.1.2023 bis 31.12.2026 gew\u00e4hlt wurden und die Wahlannahme erkl\u00e4rt haben (Auflistung nach Stimmenzahl).<\/p>\n\n\n\n<p>Gew\u00e4hlt sind: <\/p>\n\n\n\n<ul class=\"wp-block-list\"><li><strong><span style=\"color: #000000;\" class=\"stk-highlight\">Fiona Allegra Vitali<\/span><\/strong> mit 831 Stimmen<\/li><li><strong><span style=\"color: #000000;\" class=\"stk-highlight\">Mattia Mandaglio<\/span><\/strong> mit 800 Stimmen<\/li><li><strong><span style=\"color: #000000;\" class=\"stk-highlight\">Barbara Patricia Widmer<\/span><\/strong> mit 733 Stimmen<\/li><li><strong><span style=\"color: #000000;\" class=\"stk-highlight\">Heinz Stock<\/span><\/strong> mit 716 Stimmen<\/li><\/ul>\n\n\n\n<p>Nicht gew\u00e4hlt ist: <\/p>\n\n\n\n<ul class=\"wp-block-list\"><li><strong><span style=\"color: #000000;\" class=\"stk-highlight\">Denise Zeller<\/span><\/strong> mit 398 Stimmen<\/li><\/ul>\n\n\n\n<p><\/p>\n\n\n\n<p>Die Stimmbeteiligung betr\u00e4gt <strong><span style=\"color: #000000;\" class=\"stk-highlight\">17.65%<\/span><\/strong>.<\/p>\n\n\n\n<p>Der Stiftungsrat und die Gesch\u00e4ftsstelle gratulieren der neu gew\u00e4hlten Vertretung der Arbeitnehmerschaft und bedanken sich herzlich bei allen, die sich der Wahl gestellt hatten.<\/p>\n\n\n\n<p>Beschwerden gegen Verst\u00f6sse gem\u00e4ss Art. 10 des Wahlreglements m\u00fcssen bis zum 30. September 2022 beim Stiftungsrat erhoben werden.<\/p>\n","protected":false},"excerpt":{"rendered":"<p>Am 6. September erfolgte die Ausz\u00e4hlung der Stimmen durch die Mitglieder des Wahlb\u00fcros. Das Ergebnis der Ausz\u00e4hlung wurde daraufhin dem Stiftungsrat der [&hellip;]<\/p>\n","protected":false},"author":3,"featured_media":0,"parent":0,"menu_order":0,"comment_status":"closed","ping_status":"closed","template":"","meta":{"_acf_changed":false,"footnotes":""},"class_list":["post-2112","page","type-page","status-publish","hentry"],"acf":[],"featured_image_urls_v2":{"full":"","thumbnail":"","medium":"","medium_large":"","large":"","1536x1536":"","2048x2048":"","small-thumbnail":"","square-thumbnail":"","banner-image":"","mailpoet_newsletter_max":""},"post_excerpt_stackable_v2":"<p>Am 6. September erfolgte die Ausz\u00e4hlung der Stimmen durch die Mitglieder des Wahlb\u00fcros. Das Ergebnis der Ausz\u00e4hlung wurde daraufhin dem Stiftungsrat der PKSW weitergeleitet. Der Stiftungsrat stellt fest, dass die folgenden Kandidierenden als Vertretung der Arbeitnehmenden f\u00fcr die Amtsdauer vom 1.1.2023 bis 31.12.2026 gew\u00e4hlt wurden und die Wahlannahme erkl\u00e4rt haben (Auflistung nach Stimmenzahl). Gew\u00e4hlt sind: Fiona Allegra Vitali mit 831 StimmenMattia Mandaglio mit 800 StimmenBarbara Patricia Widmer mit 733 StimmenHeinz Stock mit 716 Stimmen Nicht gew\u00e4hlt ist: Denise Zeller mit 398 Stimmen Die Stimmbeteiligung betr\u00e4gt 17.65%. Der Stiftungsrat und die Gesch\u00e4ftsstelle gratulieren der neu gew\u00e4hlten Vertretung der Arbeitnehmerschaft und bedanken&hellip;<\/p>\n","category_list_v2":"","author_info_v2":{"name":"Seraina Bossi","url":"https:\/\/pksw.ch\/index.php\/author\/pksw\/"},"comments_num_v2":"0 comments","_links":{"self":[{"href":"https:\/\/pksw.ch\/index.php\/wp-json\/wp\/v2\/pages\/2112","targetHints":{"allow":["GET"]}}],"collection":[{"href":"https:\/\/pksw.ch\/index.php\/wp-json\/wp\/v2\/pages"}],"about":[{"href":"https:\/\/pksw.ch\/index.php\/wp-json\/wp\/v2\/types\/page"}],"author":[{"embeddable":true,"href":"https:\/\/pksw.ch\/index.php\/wp-json\/wp\/v2\/users\/3"}],"replies":[{"embeddable":true,"href":"https:\/\/pksw.ch\/index.php\/wp-json\/wp\/v2\/comments?post=2112"}],"version-history":[{"count":12,"href":"https:\/\/pksw.ch\/index.php\/wp-json\/wp\/v2\/pages\/2112\/revisions"}],"predecessor-version":[{"id":2526,"href":"https:\/\/pksw.ch\/index.php\/wp-json\/wp\/v2\/pages\/2112\/revisions\/2526"}],"wp:attachment":[{"href":"https:\/\/pksw.ch\/index.php\/wp-json\/wp\/v2\/media?parent=2112"}],"curies":[{"name":"wp","href":"https:\/\/api.w.org\/{rel}","templated":true}]}}