{"id":238,"date":"2019-10-24T09:21:40","date_gmt":"2019-10-24T09:21:40","guid":{"rendered":"https:\/\/pksw.ch\/?page_id=238"},"modified":"2021-10-05T08:09:54","modified_gmt":"2021-10-05T08:09:54","slug":"home","status":"publish","type":"page","link":"https:\/\/pksw.ch\/","title":{"rendered":"Home"},"content":{"rendered":"\n<h2 class=\"has-text-align-left willkommen-bar has-white-color has-text-color has-background wp-block-heading\" style=\"background-color:#b61f29\"> Willkommen bei der Pensionskasse der Stadt Winterthur<\/h2>\n\n\n<div class=\"n2_clear\"><ss3-force-full-width data-overflow-x=\"body\" data-horizontal-selector=\"body\"><div class=\"n2-section-smartslider fitvidsignore  n2_clear\" data-ssid=\"2\" tabindex=\"0\" role=\"region\" aria-label=\"Slider\"><div id=\"n2-ss-2-align\" class=\"n2-ss-align\"><div class=\"n2-padding\"><div id=\"n2-ss-2\" data-creator=\"Smart Slider 3\" data-responsive=\"fullwidth\" class=\"n2-ss-slider n2-ow n2-has-hover n2notransition  \">\n\n\n\n<div class=\"n2-ss-slider-wrapper-inside\">\n        <div class=\"n2-ss-slider-1 n2_ss__touch_element n2-ow\">\n            <div class=\"n2-ss-slider-2 n2-ow\">\n                                                    <div class=\"n2-ss-background-animation n2-ow\"><\/div>\n                                <div class=\"n2-ss-slider-3 n2-ow\">\n\n                    <div class=\"n2-ss-slide-backgrounds n2-ow-all\"><div class=\"n2-ss-slide-background\" data-public-id=\"1\" data-mode=\"fill\"><div class=\"n2-ss-slide-background-image\" data-blur=\"0\" data-opacity=\"100\" data-x=\"50\" data-y=\"50\" data-alt=\"\" data-title=\"\"><picture class=\"skip-lazy\" data-skip-lazy=\"1\"><img decoding=\"async\" src=\"\/\/pksw.ch\/wp-content\/uploads\/slider\/cache\/43d2dd814e74fe0969c6651912be9014\/bu\u2560eel_stauden_setzlinge_alyssa-scaled.jpg\" alt=\"\" title=\"\" loading=\"lazy\" class=\"skip-lazy\" data-skip-lazy=\"1\"><\/picture><\/div><div data-color=\"RGBA(255,255,255,0)\" style=\"background-color: RGBA(255,255,255,0);\" class=\"n2-ss-slide-background-color\"><\/div><\/div><div class=\"n2-ss-slide-background\" data-public-id=\"2\" data-mode=\"fill\"><div class=\"n2-ss-slide-background-image\" data-blur=\"0\" data-opacity=\"100\" data-x=\"50\" data-y=\"50\" data-alt=\"\" data-title=\"\"><picture class=\"skip-lazy\" data-skip-lazy=\"1\"><img decoding=\"async\" src=\"\/\/pksw.ch\/wp-content\/uploads\/slider\/cache\/43d2dd814e74fe0969c6651912be9014\/bu\u2560eel_stauden_setzlinge_alyssa-scaled.jpg\" alt=\"\" title=\"\" loading=\"lazy\" class=\"skip-lazy\" data-skip-lazy=\"1\"><\/picture><\/div><div data-color=\"RGBA(255,255,255,0)\" style=\"background-color: RGBA(255,255,255,0);\" class=\"n2-ss-slide-background-color\"><\/div><\/div><\/div>                    <div class=\"n2-ss-slider-4 n2-ow\">\n                        <svg xmlns=\"http:\/\/www.w3.org\/2000\/svg\" viewBox=\"0 0 1200 650\" data-related-device=\"desktopPortrait\" class=\"n2-ow n2-ss-preserve-size n2-ss-preserve-size--slider n2-ss-slide-limiter\"><\/svg><div data-first=\"1\" data-slide-duration=\"0\" data-id=\"12\" data-slide-public-id=\"1\" data-title=\"Slide\" class=\"n2-ss-slide n2-ow  n2-ss-slide-12\"><div role=\"note\" class=\"n2-ss-slide--focus\" tabindex=\"-1\">Slide<\/div><div class=\"n2-ss-layers-container n2-ss-slide-limiter n2-ow\"><div class=\"n2-ss-layer n2-ow n-uc-Yr7RrxDin5bT\" data-sstype=\"slide\" data-pm=\"default\"><div class=\"n2-ss-layer n2-ow n-uc-ivelaocgQXEN\" data-pm=\"default\" data-sstype=\"content\" data-hasbackground=\"1\"><div class=\"n2-ss-section-main-content n2-ss-layer-with-background n2-ss-layer-content n2-ow n-uc-ivelaocgQXEN-inner\"><div class=\"n2-ss-layer n2-ow n-uc-ZRHj0NqyVZ7u\" data-pm=\"normal\" data-sstype=\"layer\"><div id=\"n2-ss-2item1\" class=\"n2-font-daba2dee7f5c778f108d8ff8a2907987-hover   n2-ss-item-content n2-ss-text n2-ow\" style=\"display:block;\">9. April 2026<\/div><\/div><div class=\"n2-ss-layer n2-ow n-uc-TlmZtPaD7Nav\" data-pm=\"normal\" data-sstype=\"layer\"><h4 id=\"n2-ss-2item2\" class=\"n2-font-3593381020c46e1552bb8e5e34378a75-hover   n2-ss-item-content n2-ss-text n2-ow\" style=\"display:block;\">Besondere \u00d6ffnungszeiten im Mai 2026<\/h4><\/div><div class=\"n2-ss-layer n2-ow n-uc-dspWGXYVkWKE\" data-pm=\"normal\" data-sstype=\"layer\"><div id=\"n2-ss-2item3\" class=\"n2-font-c3d04269b7cd27333ddecdebaa458655-hover n2-style-608b6b8f3e9bd152864b5c8c4a984f40-heading   n2-ss-item-content n2-ss-text n2-ow\" style=\"display:block;\"><\/div><\/div><div class=\"n2-ss-layer n2-ow n-uc-3D6q1CyY9ChK\" data-pm=\"normal\" data-sstype=\"layer\"><div id=\"n2-ss-2item4\" class=\"n2-font-e062079c22d69f5ce457beeba139bfc3-hover   n2-ss-item-content n2-ss-text n2-ow\" style=\"display:block;\">Die Pensionskasse bleibt an folgenden Tagen geschlossen: <br><br>Freitag, 1. Mai 2026 (Feiertag)<br>Montag, 11. Mai 2026 (Weiterbildung Gesch\u00e4ftsstelle)<br>Dienstag, 12. Mai 2026 (Weiterbildung Gesch\u00e4ftsstelle)<br>Donnerstag, 14. Mai 2026 (Auffahrt)<br>Freitag, 15. Mai 2026 (Br\u00fccke nach Auffahrt)<br><br>Wir freuen uns auf Ihre Kontaktaufnahme via Kontaktformular: <\/div><\/div><div class=\"n2-ss-layer n2-ow n-uc-KwvcX1mmQlAg n2-ss-layer--auto\" data-pm=\"normal\" data-sstype=\"layer\"><div id=\"n2-ss-2item5\" class=\"  n2-ss-item-content n2-ss-text n2-ow\" style=\"display:inline-block;\"><a class=\"n2-ow n2-font-a7c1ce8e35cdc397ed779ee00ea26b1d-hover \" style=\"display:inline-block;\" target=\"_blank\" href=\"https:\/\/pksw.ch\/index.php\/kontaktformular\/\">Kontaktformular<\/a><\/div><\/div><\/div><\/div><\/div><\/div><\/div><div data-slide-duration=\"0\" data-id=\"4\" data-slide-public-id=\"2\" data-title=\"Slide\" class=\"n2-ss-slide n2-ow  n2-ss-slide-4\"><div role=\"note\" class=\"n2-ss-slide--focus\" tabindex=\"-1\">Slide<\/div><div class=\"n2-ss-layers-container n2-ss-slide-limiter n2-ow\"><div class=\"n2-ss-layer n2-ow n-uc-AKmlgfwGncQb\" data-sstype=\"slide\" data-pm=\"default\"><div class=\"n2-ss-layer n2-ow n-uc-sGRSUDYdmx86\" data-pm=\"default\" data-sstype=\"content\" data-hasbackground=\"1\"><div class=\"n2-ss-section-main-content n2-ss-layer-with-background n2-ss-layer-content n2-ow n-uc-sGRSUDYdmx86-inner\"><div class=\"n2-ss-layer n2-ow n-uc-186661590a1eb\" data-pm=\"normal\" data-sstype=\"layer\"><div id=\"n2-ss-2item6\" class=\"n2-font-daba2dee7f5c778f108d8ff8a2907987-hover   n2-ss-item-content n2-ss-text n2-ow\" style=\"display:block;\">26. Januar 2026<\/div><\/div><div class=\"n2-ss-layer n2-ow n-uc-1b18c237c1003\" data-pm=\"normal\" data-sstype=\"layer\"><h4 id=\"n2-ss-2item7\" class=\"n2-font-3593381020c46e1552bb8e5e34378a75-hover   n2-ss-item-content n2-ss-text n2-ow\" style=\"display:block;\">Kennzahlen per 31.12.2025<\/h4><\/div><div class=\"n2-ss-layer n2-ow n2-ss-layer--block n2-ss-has-self-align n-uc-1eb623da61864\" data-pm=\"normal\" data-href=\"\/index.php\/anlagerendite-deckungsgrad\/\" tabindex=\"0\" role=\"button\" data-n2click=\"url\" data-force-pointer=\"\" data-sstype=\"row\"><div class=\"n2-ss-layer-row n2-ss-layer-with-background n-uc-1eb623da61864-inner\"><div class=\"n2-ss-layer-row-inner \"><div class=\"n2-ss-layer n2-ow n-uc-15495221cf623\" data-pm=\"default\" data-sstype=\"col\"><div class=\"n2-ss-layer-col n2-ss-layer-with-background n2-ss-layer-content n-uc-15495221cf623-inner\"><div class=\"n2-ss-layer n2-ow n-uc-1d09bd2ded925\" data-pm=\"normal\" data-sstype=\"layer\"><div class=\" n2-ss-item-image-content n2-ss-item-content n2-ow-all\"><img decoding=\"async\" id=\"n2-ss-2item8\" alt=\"\" class=\"skip-lazy\" loading=\"lazy\" width=\"600\" height=\"600\" data-skip-lazy=\"1\" src=\"\/\/pksw.ch\/wp-content\/uploads\/slider2\/nettorendite.svg\" \/><\/div><\/div><\/div><\/div><div class=\"n2-ss-layer n2-ow n-uc-17b9cb7ff240a\" data-pm=\"default\" data-sstype=\"col\"><div class=\"n2-ss-layer-col n2-ss-layer-with-background n2-ss-layer-content n-uc-17b9cb7ff240a-inner\"><div class=\"n2-ss-layer n2-ow n-uc-1d89c9ee7375c\" data-pm=\"normal\" data-sstype=\"layer\"><div class=\"n2-ss-item-content n2-ss-text n2-ow-all\"><div class=\"\"><p class=\"n2-font-586803c0ccad00639a25fdbfccfce7ef-paragraph   \">Nettorendite<\/p>\n<\/div><\/div><\/div><div class=\"n2-ss-layer n2-ow n-uc-171932ba526a6\" data-pm=\"normal\" data-sstype=\"layer\"><div class=\"n2-ss-item-content n2-ss-text n2-ow-all\"><div class=\"\"><p class=\"n2-font-62e50b9d684570712cc0f7bbe8ff96a3-paragraph   \">+6.5%<\/p>\n<\/div><\/div><\/div><\/div><\/div><\/div><\/div><\/div><div class=\"n2-ss-layer n2-ow n2-ss-layer--block n2-ss-has-self-align n-uc-1424424a97c17\" data-pm=\"normal\" data-href=\"\/index.php\/anlagerendite-deckungsgrad\/\" tabindex=\"0\" role=\"button\" data-n2click=\"url\" data-force-pointer=\"\" data-sstype=\"row\"><div class=\"n2-ss-layer-row n2-ss-layer-with-background n-uc-1424424a97c17-inner\"><div class=\"n2-ss-layer-row-inner \"><div class=\"n2-ss-layer n2-ow n-uc-1196ef478879b\" data-pm=\"default\" data-sstype=\"col\"><div class=\"n2-ss-layer-col n2-ss-layer-with-background n2-ss-layer-content n-uc-1196ef478879b-inner\"><div class=\"n2-ss-layer n2-ow n-uc-1f9af75450b10\" data-pm=\"normal\" data-sstype=\"layer\"><div class=\" n2-ss-item-image-content n2-ss-item-content n2-ow-all\"><img decoding=\"async\" id=\"n2-ss-2item11\" alt=\"\" class=\"skip-lazy\" loading=\"lazy\" width=\"600\" height=\"600\" data-skip-lazy=\"1\" src=\"\/\/pksw.ch\/wp-content\/uploads\/slider2\/desckungsgrad.svg\" \/><\/div><\/div><\/div><\/div><div class=\"n2-ss-layer n2-ow n-uc-1809542c0a967\" data-pm=\"default\" data-sstype=\"col\"><div class=\"n2-ss-layer-col n2-ss-layer-with-background n2-ss-layer-content n-uc-1809542c0a967-inner\"><div class=\"n2-ss-layer n2-ow n-uc-10b1716e45a3b\" data-pm=\"normal\" data-sstype=\"layer\"><div class=\"n2-ss-item-content n2-ss-text n2-ow-all\"><div class=\"\"><p class=\"n2-font-53080c27e892daf8c04de0e695434585-paragraph   \">Deckungsgrad <\/p>\n<\/div><\/div><\/div><div class=\"n2-ss-layer n2-ow n-uc-1ce22e48b41ea\" data-pm=\"normal\" data-sstype=\"layer\"><div class=\"n2-ss-item-content n2-ss-text n2-ow-all\"><div class=\"\"><p class=\"n2-font-31fa8c2447977f96c3efc8f505976fa5-paragraph   \">108.7%<\/p>\n<\/div><\/div><\/div><\/div><\/div><\/div><\/div><\/div><div class=\"n2-ss-layer n2-ow n-uc-10d6988f6cc2e n2-ss-layer--auto\" data-pm=\"normal\" data-sstype=\"layer\"><div id=\"n2-ss-2item14\" class=\"  n2-ss-item-content n2-ss-text n2-ow\" style=\"display:inline-block;\"><a class=\"n2-ow n2-font-a7c1ce8e35cdc397ed779ee00ea26b1d-hover \" style=\"display:inline-block;\" href=\"https:\/\/pksw.ch\/index.php\/anlagerendite-deckungsgrad-2\/\">Mehr erfahren?<\/a><\/div><\/div><\/div><\/div><\/div><\/div><\/div>                    <\/div>\n\n                                    <\/div>\n            <\/div>\n        <\/div>\n        <div class=\"n2-ss-slider-controls n2-ss-slider-controls-absolute-left-center\"><div style=\"--widget-offset:15px;\" class=\"n2-ss-widget nextend-arrow n2-ow-all nextend-arrow-previous  nextend-arrow-animated-fade\" data-hide-mobileportrait=\"1\" id=\"n2-ss-2-arrow-previous\" role=\"button\" aria-label=\"previous arrow\" tabindex=\"0\"><img loading=\"lazy\" decoding=\"async\" width=\"32\" height=\"32\" class=\"skip-lazy\" data-skip-lazy=\"1\" src=\"data:image\/svg+xml;base64,PHN2ZyB3aWR0aD0iMzIiIGhlaWdodD0iMzIiIHZpZXdCb3g9IjAgMCAzMiAzMiIgeG1sbnM9Imh0dHA6Ly93d3cudzMub3JnLzIwMDAvc3ZnIj4KICAgIDxwYXRoIGQ9Ik0xMS40MzMgMTUuOTkyTDIyLjY5IDUuNzEyYy4zOTMtLjM5LjM5My0xLjAzIDAtMS40Mi0uMzkzLS4zOS0xLjAzLS4zOS0xLjQyMyAwbC0xMS45OCAxMC45NGMtLjIxLjIxLS4zLjQ5LS4yODUuNzYtLjAxNS4yOC4wNzUuNTYuMjg0Ljc3bDExLjk4IDEwLjk0Yy4zOTMuMzkgMS4wMy4zOSAxLjQyNCAwIC4zOTMtLjQuMzkzLTEuMDMgMC0xLjQybC0xMS4yNTctMTAuMjkiCiAgICAgICAgICBmaWxsPSIjZmZmZmZmIiBvcGFjaXR5PSIwLjgiIGZpbGwtcnVsZT0iZXZlbm9kZCIvPgo8L3N2Zz4=\" alt=\"previous arrow\"><\/div><\/div><div class=\"n2-ss-slider-controls n2-ss-slider-controls-absolute-right-center\"><div style=\"--widget-offset:15px;\" class=\"n2-ss-widget nextend-arrow n2-ow-all nextend-arrow-next  nextend-arrow-animated-fade\" data-hide-mobileportrait=\"1\" id=\"n2-ss-2-arrow-next\" role=\"button\" aria-label=\"next arrow\" tabindex=\"0\"><img loading=\"lazy\" decoding=\"async\" width=\"32\" height=\"32\" class=\"skip-lazy\" data-skip-lazy=\"1\" src=\"data:image\/svg+xml;base64,PHN2ZyB3aWR0aD0iMzIiIGhlaWdodD0iMzIiIHZpZXdCb3g9IjAgMCAzMiAzMiIgeG1sbnM9Imh0dHA6Ly93d3cudzMub3JnLzIwMDAvc3ZnIj4KICAgIDxwYXRoIGQ9Ik0xMC43MjIgNC4yOTNjLS4zOTQtLjM5LTEuMDMyLS4zOS0xLjQyNyAwLS4zOTMuMzktLjM5MyAxLjAzIDAgMS40MmwxMS4yODMgMTAuMjgtMTEuMjgzIDEwLjI5Yy0uMzkzLjM5LS4zOTMgMS4wMiAwIDEuNDIuMzk1LjM5IDEuMDMzLjM5IDEuNDI3IDBsMTIuMDA3LTEwLjk0Yy4yMS0uMjEuMy0uNDkuMjg0LS43Ny4wMTQtLjI3LS4wNzYtLjU1LS4yODYtLjc2TDEwLjcyIDQuMjkzeiIKICAgICAgICAgIGZpbGw9IiNmZmZmZmYiIG9wYWNpdHk9IjAuOCIgZmlsbC1ydWxlPSJldmVub2RkIi8+Cjwvc3ZnPg==\" alt=\"next arrow\"><\/div><\/div><div class=\"n2-ss-slider-controls n2-ss-slider-controls-absolute-center-bottom\"><div style=\"--widget-offset:100px;\" class=\"n2-ss-widget n2-ss-control-bullet n2-ow-all n2-ss-control-bullet-horizontal\"><div class=\" nextend-bullet-bar n2-bar-justify-content-center\" role=\"group\" aria-label=\"Choose slide to display.\"><div class=\"n2-bullet n2-style-f3218ea910cdc7dd9e0dcf7edd450bf7-dot \" style=\"visibility:hidden;\"><\/div><\/div><\/div><\/div><\/div><\/div><ss3-loader><\/ss3-loader><\/div><\/div><div class=\"n2_clear\"><\/div><\/div><\/ss3-force-full-width><\/div>","protected":false},"excerpt":{"rendered":"<p>Willkommen bei der Pensionskasse der Stadt Winterthur<\/p>\n","protected":false},"author":1,"featured_media":0,"parent":0,"menu_order":0,"comment_status":"closed","ping_status":"closed","template":"","meta":{"_acf_changed":false,"footnotes":""},"class_list":["post-238","page","type-page","status-publish","hentry"],"acf":[],"featured_image_urls_v2":{"full":"","thumbnail":"","medium":"","medium_large":"","large":"","1536x1536":"","2048x2048":"","small-thumbnail":"","square-thumbnail":"","banner-image":"","mailpoet_newsletter_max":""},"post_excerpt_stackable_v2":"<p>Willkommen bei der Pensionskasse der Stadt Winterthur Slide9. April 2026Besondere \u00d6ffnungszeiten im Mai 2026Die Pensionskasse bleibt an folgenden Tagen geschlossen: Freitag, 1. Mai 2026 (Feiertag)Montag, 11. Mai 2026 (Weiterbildung Gesch\u00e4ftsstelle)Dienstag, 12. Mai 2026 (Weiterbildung Gesch\u00e4ftsstelle)Donnerstag, 14. Mai 2026 (Auffahrt)Freitag, 15. Mai 2026 (Br\u00fccke nach Auffahrt)Wir freuen uns auf Ihre Kontaktaufnahme via Kontaktformular: KontaktformularSlide26. Januar 2026Kennzahlen per 31.12.2025Nettorendite +6.5% Deckungsgrad 108.7% Mehr erfahren?<\/p>\n","category_list_v2":"","author_info_v2":{"name":"admin","url":"https:\/\/pksw.ch\/index.php\/author\/admin\/"},"comments_num_v2":"0 comments","_links":{"self":[{"href":"https:\/\/pksw.ch\/index.php\/wp-json\/wp\/v2\/pages\/238","targetHints":{"allow":["GET"]}}],"collection":[{"href":"https:\/\/pksw.ch\/index.php\/wp-json\/wp\/v2\/pages"}],"about":[{"href":"https:\/\/pksw.ch\/index.php\/wp-json\/wp\/v2\/types\/page"}],"author":[{"embeddable":true,"href":"https:\/\/pksw.ch\/index.php\/wp-json\/wp\/v2\/users\/1"}],"replies":[{"embeddable":true,"href":"https:\/\/pksw.ch\/index.php\/wp-json\/wp\/v2\/comments?post=238"}],"version-history":[{"count":107,"href":"https:\/\/pksw.ch\/index.php\/wp-json\/wp\/v2\/pages\/238\/revisions"}],"predecessor-version":[{"id":1762,"href":"https:\/\/pksw.ch\/index.php\/wp-json\/wp\/v2\/pages\/238\/revisions\/1762"}],"wp:attachment":[{"href":"https:\/\/pksw.ch\/index.php\/wp-json\/wp\/v2\/media?parent=238"}],"curies":[{"name":"wp","href":"https:\/\/api.w.org\/{rel}","templated":true}]}}