{"id":3119,"date":"2023-12-15T07:25:19","date_gmt":"2023-12-15T07:25:19","guid":{"rendered":"https:\/\/pksw.ch\/?page_id=3119"},"modified":"2025-12-09T15:36:28","modified_gmt":"2025-12-09T15:36:28","slug":"nachhaltigkeitsbericht","status":"publish","type":"page","link":"https:\/\/pksw.ch\/index.php\/nachhaltigkeitsbericht\/","title":{"rendered":"Nachhaltigkeitsbericht"},"content":{"rendered":"\n<p>Die Pensionskasse der Stadt Winterthur ver\u00f6ffentlich einmal j\u00e4hrlich Ihren Nachhaltigkeitsbericht.<br><br>Wir berichten darin umfassend \u00fcber die verschiedenen Klimakennzahlen und Massnahmen, welche wir seit geraumer Zeit vorantreiben. Wir weisen nicht nur die verschiedenen Klimakennzahlen zu unseren Verm\u00f6gensanlagen und Immobilieninvestitionen aus, sondern auch zu unseren Aktivit\u00e4ten wie der Stimmrechtsaus\u00fcbung, Engagement von Firmen und dem effektiven Ausschluss von Unternehmen aus unserem Anlageuniversum.<br><\/p>\n\n\n\n<p><strong>><\/strong> <a href=\"https:\/\/pksw.ch\/wp-content\/uploads\/2023\/12\/PKSW_Nachhaltigkeitsbericht_23_Web.pdf\" data-type=\"attachment\" data-id=\"3107\">Nachhaltigkeitsbericht 2023<\/a><br><strong>><\/strong> <a href=\"https:\/\/pksw.ch\/wp-content\/uploads\/2024\/11\/PKSW_Nachhaltigkeitsbericht_24.pdf\" target=\"_blank\" rel=\"noreferrer noopener\">Nachhaltigkeitsbericht 2024<\/a><br><strong>><\/strong> <a href=\"https:\/\/pksw.ch\/wp-content\/uploads\/2025\/12\/Web_PKSW_Nachhaltigkeitsbericht_25.pdf\" target=\"_blank\" rel=\"noreferrer noopener\">Nachhaltigkeitsbericht 2025<\/a><\/p>\n\n\n\n<p><\/p>\n\n\n\n<p><br><\/p>\n\n\n\n<p><\/p>\n","protected":false},"excerpt":{"rendered":"<p>Die Pensionskasse der Stadt Winterthur ver\u00f6ffentlich einmal j\u00e4hrlich Ihren Nachhaltigkeitsbericht. Wir berichten darin umfassend \u00fcber die verschiedenen Klimakennzahlen und Massnahmen, welche wir [&hellip;]<\/p>\n","protected":false},"author":3,"featured_media":0,"parent":0,"menu_order":0,"comment_status":"closed","ping_status":"closed","template":"","meta":{"_acf_changed":false,"footnotes":""},"class_list":["post-3119","page","type-page","status-publish","hentry"],"acf":[],"featured_image_urls_v2":{"full":"","thumbnail":"","medium":"","medium_large":"","large":"","1536x1536":"","2048x2048":"","small-thumbnail":"","square-thumbnail":"","banner-image":"","mailpoet_newsletter_max":""},"post_excerpt_stackable_v2":"<p>Die Pensionskasse der Stadt Winterthur ver\u00f6ffentlich einmal j\u00e4hrlich Ihren Nachhaltigkeitsbericht.Wir berichten darin umfassend \u00fcber die verschiedenen Klimakennzahlen und Massnahmen, welche wir seit geraumer Zeit vorantreiben. Wir weisen nicht nur die verschiedenen Klimakennzahlen zu unseren Verm\u00f6gensanlagen und Immobilieninvestitionen aus, sondern auch zu unseren Aktivit\u00e4ten wie der Stimmrechtsaus\u00fcbung, Engagement von Firmen und dem effektiven Ausschluss von Unternehmen aus unserem Anlageuniversum. > Nachhaltigkeitsbericht 2023> Nachhaltigkeitsbericht 2024> Nachhaltigkeitsbericht 2025<\/p>\n","category_list_v2":"","author_info_v2":{"name":"Seraina Bossi","url":"https:\/\/pksw.ch\/index.php\/author\/pksw\/"},"comments_num_v2":"0 comments","_links":{"self":[{"href":"https:\/\/pksw.ch\/index.php\/wp-json\/wp\/v2\/pages\/3119","targetHints":{"allow":["GET"]}}],"collection":[{"href":"https:\/\/pksw.ch\/index.php\/wp-json\/wp\/v2\/pages"}],"about":[{"href":"https:\/\/pksw.ch\/index.php\/wp-json\/wp\/v2\/types\/page"}],"author":[{"embeddable":true,"href":"https:\/\/pksw.ch\/index.php\/wp-json\/wp\/v2\/users\/3"}],"replies":[{"embeddable":true,"href":"https:\/\/pksw.ch\/index.php\/wp-json\/wp\/v2\/comments?post=3119"}],"version-history":[{"count":10,"href":"https:\/\/pksw.ch\/index.php\/wp-json\/wp\/v2\/pages\/3119\/revisions"}],"predecessor-version":[{"id":17631,"href":"https:\/\/pksw.ch\/index.php\/wp-json\/wp\/v2\/pages\/3119\/revisions\/17631"}],"wp:attachment":[{"href":"https:\/\/pksw.ch\/index.php\/wp-json\/wp\/v2\/media?parent=3119"}],"curies":[{"name":"wp","href":"https:\/\/api.w.org\/{rel}","templated":true}]}}