{"id":431,"date":"2019-11-14T16:26:44","date_gmt":"2019-11-14T16:26:44","guid":{"rendered":"https:\/\/pksw.ch\/?page_id=431"},"modified":"2024-01-26T12:30:29","modified_gmt":"2024-01-26T12:30:29","slug":"todesfall","status":"publish","type":"page","link":"https:\/\/pksw.ch\/index.php\/todesfall\/","title":{"rendered":"Todesfall"},"content":{"rendered":"\n<p>Bei einem Todesfall eines Versicherten profitieren deren Kinder oder Partner. Die Voraussetzungen und Details finden Sie hier: <\/p>\n\n\n\n<p><strong><span style=\"color: #000000;\" class=\"ugb-highlight\">Ehegatten- und Partnerrenten<\/span><\/strong><br>Stirbt eine versicherte oder rentenberechtigte Person, so hat die \u00fcberlebende Partnerin oder der \u00fcberlebende Partner Anspruch auf eine Partnerrente. Das Vorsorgereglement umschreibt die entsprechenden Voraussetzungen. <\/p>\n\n\n\n<p><strong><span style=\"color: #000000;\" class=\"ugb-highlight\">Waisenrenten<\/span><\/strong><br>Kinder einer verstorbenen versicherten Person, einer Rentnerin oder eines Rentners haben Anspruch auf eine Waisenrente. Die aktuell g\u00fcltigen Voraussetzungen finden Sie im aktuellen <a href=\"https:\/\/pksw.ch\/index.php\/reglemente-2\/\">Vorsorgereglement<\/a>, Artikel 36.  <\/p>\n\n\n\n<p><strong><span style=\"color: #000000;\" class=\"ugb-highlight\">Todesfallkapital<\/span><\/strong><br>Ein Todesfallkapital wird f\u00e4llig, wenn der Tod einer versicherten oder rentenberechtigen Person keine Ehegatten- oder Partnerrente der Pensionskasse, der Unfall- oder der Milit\u00e4rversicherung ausl\u00f6st. Die g\u00fcltigen Voraussetzungen finden Sie hier: <a href=\"https:\/\/pksw.ch\/index.php\/reglemente-2\/\">Vorsorgereglement<\/a>, Artikel 37.  <\/p>\n","protected":false},"excerpt":{"rendered":"<p>Bei einem Todesfall eines Versicherten profitieren deren Kinder oder Partner. Die Voraussetzungen und Details finden Sie hier: Ehegatten- und PartnerrentenStirbt eine versicherte [&hellip;]<\/p>\n","protected":false},"author":1,"featured_media":0,"parent":0,"menu_order":0,"comment_status":"closed","ping_status":"closed","template":"","meta":{"_acf_changed":false,"footnotes":""},"class_list":["post-431","page","type-page","status-publish","hentry"],"acf":[],"featured_image_urls_v2":{"full":"","thumbnail":"","medium":"","medium_large":"","large":"","1536x1536":"","2048x2048":"","small-thumbnail":"","square-thumbnail":"","banner-image":"","mailpoet_newsletter_max":""},"post_excerpt_stackable_v2":"<p>Bei einem Todesfall eines Versicherten profitieren deren Kinder oder Partner. Die Voraussetzungen und Details finden Sie hier: Ehegatten- und PartnerrentenStirbt eine versicherte oder rentenberechtigte Person, so hat die \u00fcberlebende Partnerin oder der \u00fcberlebende Partner Anspruch auf eine Partnerrente. Das Vorsorgereglement umschreibt die entsprechenden Voraussetzungen. WaisenrentenKinder einer verstorbenen versicherten Person, einer Rentnerin oder eines Rentners haben Anspruch auf eine Waisenrente. Die aktuell g\u00fcltigen Voraussetzungen finden Sie im aktuellen Vorsorgereglement, Artikel 36. TodesfallkapitalEin Todesfallkapital wird f\u00e4llig, wenn der Tod einer versicherten oder rentenberechtigen Person keine Ehegatten- oder Partnerrente der Pensionskasse, der Unfall- oder der Milit\u00e4rversicherung ausl\u00f6st. Die g\u00fcltigen Voraussetzungen finden Sie hier:&hellip;<\/p>\n","category_list_v2":"","author_info_v2":{"name":"admin","url":"https:\/\/pksw.ch\/index.php\/author\/admin\/"},"comments_num_v2":"0 comments","_links":{"self":[{"href":"https:\/\/pksw.ch\/index.php\/wp-json\/wp\/v2\/pages\/431","targetHints":{"allow":["GET"]}}],"collection":[{"href":"https:\/\/pksw.ch\/index.php\/wp-json\/wp\/v2\/pages"}],"about":[{"href":"https:\/\/pksw.ch\/index.php\/wp-json\/wp\/v2\/types\/page"}],"author":[{"embeddable":true,"href":"https:\/\/pksw.ch\/index.php\/wp-json\/wp\/v2\/users\/1"}],"replies":[{"embeddable":true,"href":"https:\/\/pksw.ch\/index.php\/wp-json\/wp\/v2\/comments?post=431"}],"version-history":[{"count":8,"href":"https:\/\/pksw.ch\/index.php\/wp-json\/wp\/v2\/pages\/431\/revisions"}],"predecessor-version":[{"id":16649,"href":"https:\/\/pksw.ch\/index.php\/wp-json\/wp\/v2\/pages\/431\/revisions\/16649"}],"wp:attachment":[{"href":"https:\/\/pksw.ch\/index.php\/wp-json\/wp\/v2\/media?parent=431"}],"curies":[{"name":"wp","href":"https:\/\/api.w.org\/{rel}","templated":true}]}}