{"id":464,"date":"2019-11-15T13:46:48","date_gmt":"2019-11-15T13:46:48","guid":{"rendered":"https:\/\/pksw.ch\/?page_id=464"},"modified":"2026-01-19T11:21:01","modified_gmt":"2026-01-19T11:21:01","slug":"auszahlungstermine","status":"publish","type":"page","link":"https:\/\/pksw.ch\/index.php\/auszahlungstermine\/","title":{"rendered":"Auszahlungstermine"},"content":{"rendered":"\n<p>Die Auszahlung Ihrer Rente findet wie folgt statt: <\/p>\n\n\n\n<p><strong><span style=\"color: #000000;\" class=\"stk-highlight\">2026<\/span><\/strong><br>23. Januar 2026<br>25. Februar 2026<br>25. M\u00e4rz 2026<br>24. April 2026<br>22. Mai 2026<br>25. Juni 2026<br>24. Juli 2026<br>25. August 2026<br>25. September 2026<br>23. Oktober 2026<br>25. November 2026<br>18. Dezember 2026<br><\/p>\n\n\n\n<p>Sie m\u00f6chten das Konto f\u00fcr die Auszahlung anpassen? Eine Konto\u00e4nderung k\u00f6nnen Sie uns mit dem <a href=\"https:\/\/pksw.ch\/wp-content\/uploads\/2020\/12\/11_formular_aenderungen_neu.pdf\">\u00c4nderungsformular<\/a> mitteilen. <\/p>\n","protected":false},"excerpt":{"rendered":"<p>Die Auszahlung Ihrer Rente findet wie folgt statt: 202623. Januar 202625. Februar 202625. M\u00e4rz 202624. April 202622. Mai 202625. Juni 202624. Juli [&hellip;]<\/p>\n","protected":false},"author":1,"featured_media":0,"parent":0,"menu_order":0,"comment_status":"closed","ping_status":"closed","template":"","meta":{"_acf_changed":false,"footnotes":""},"class_list":["post-464","page","type-page","status-publish","hentry"],"acf":[],"featured_image_urls_v2":{"full":"","thumbnail":"","medium":"","medium_large":"","large":"","1536x1536":"","2048x2048":"","small-thumbnail":"","square-thumbnail":"","banner-image":"","mailpoet_newsletter_max":""},"post_excerpt_stackable_v2":"<p>Die Auszahlung Ihrer Rente findet wie folgt statt: 202623. Januar 202625. Februar 202625. M\u00e4rz 202624. April 202622. Mai 202625. Juni 202624. Juli 202625. August 202625. September 202623. Oktober 202625. November 202618. Dezember 2026 Sie m\u00f6chten das Konto f\u00fcr die Auszahlung anpassen? Eine Konto\u00e4nderung k\u00f6nnen Sie uns mit dem \u00c4nderungsformular mitteilen.<\/p>\n","category_list_v2":"","author_info_v2":{"name":"admin","url":"https:\/\/pksw.ch\/index.php\/author\/admin\/"},"comments_num_v2":"0 comments","_links":{"self":[{"href":"https:\/\/pksw.ch\/index.php\/wp-json\/wp\/v2\/pages\/464","targetHints":{"allow":["GET"]}}],"collection":[{"href":"https:\/\/pksw.ch\/index.php\/wp-json\/wp\/v2\/pages"}],"about":[{"href":"https:\/\/pksw.ch\/index.php\/wp-json\/wp\/v2\/types\/page"}],"author":[{"embeddable":true,"href":"https:\/\/pksw.ch\/index.php\/wp-json\/wp\/v2\/users\/1"}],"replies":[{"embeddable":true,"href":"https:\/\/pksw.ch\/index.php\/wp-json\/wp\/v2\/comments?post=464"}],"version-history":[{"count":20,"href":"https:\/\/pksw.ch\/index.php\/wp-json\/wp\/v2\/pages\/464\/revisions"}],"predecessor-version":[{"id":17667,"href":"https:\/\/pksw.ch\/index.php\/wp-json\/wp\/v2\/pages\/464\/revisions\/17667"}],"wp:attachment":[{"href":"https:\/\/pksw.ch\/index.php\/wp-json\/wp\/v2\/media?parent=464"}],"curies":[{"name":"wp","href":"https:\/\/api.w.org\/{rel}","templated":true}]}}