{"id":507,"date":"2019-11-21T10:43:05","date_gmt":"2019-11-21T10:43:05","guid":{"rendered":"https:\/\/pksw.ch\/?page_id=507"},"modified":"2025-05-06T12:08:42","modified_gmt":"2025-05-06T12:08:42","slug":"stiftungsrat","status":"publish","type":"page","link":"https:\/\/pksw.ch\/index.php\/stiftungsrat\/","title":{"rendered":"Stiftungsrat"},"content":{"rendered":"\n<p>Der Stiftungsrat ist das oberste Organ gem\u00e4ss BVG, seine Aufgaben und Kompetenzen sind im Organisationsreglement festgelegt. Sie finden dieses mit den zus\u00e4tzlichen Anh\u00e4ngen (Organigramm, Funktionen, Kompetenzen und Entsch\u00e4digung) hier:  <br><strong>&gt;<\/strong> <a href=\"https:\/\/pksw.ch\/index.php\/reglemente-2\/\">Reglemente<\/a><\/p>\n\n\n\n<p><strong><span style=\"color: #000000;\" class=\"ugb-highlight\">Zusammensetzung <\/span><\/strong><br>Der Stiftungsrat setzt sich zurzeit wie folgt zusammen:<\/p>\n\n\n\n<p><strong>Vertretungen der Arbeitnehmenden<\/strong><\/p>\n\n\n\n<ul class=\"wp-block-list\">\n<li>Mattia Mandaglio, Pr\u00e4sident <\/li>\n\n\n\n<li>Heinz Stock, Mitglied<\/li>\n\n\n\n<li>Fiona Allegra Vitali, Mitglied<\/li>\n\n\n\n<li>Barbara Widmer, Mitglied<\/li>\n<\/ul>\n\n\n\n<p><strong>Vertretungen der Arbeitgebenden<\/strong><\/p>\n\n\n\n<ul class=\"wp-block-list\">\n<li>Marianne Fassbind, Vizepr\u00e4sidentin<\/li>\n\n\n\n<li>Pedro Fischer, Mitglied<\/li>\n\n\n\n<li>Caroline G\u00fcrber, Mitglied<\/li>\n\n\n\n<li>Dieter Stohler, Mitglied<\/li>\n<\/ul>\n\n\n\n<p><\/p>\n","protected":false},"excerpt":{"rendered":"<p>Der Stiftungsrat ist das oberste Organ gem\u00e4ss BVG, seine Aufgaben und Kompetenzen sind im Organisationsreglement festgelegt. Sie finden dieses mit den zus\u00e4tzlichen [&hellip;]<\/p>\n","protected":false},"author":1,"featured_media":0,"parent":0,"menu_order":0,"comment_status":"closed","ping_status":"closed","template":"","meta":{"_acf_changed":false,"footnotes":""},"class_list":["post-507","page","type-page","status-publish","hentry"],"acf":[],"featured_image_urls_v2":{"full":"","thumbnail":"","medium":"","medium_large":"","large":"","1536x1536":"","2048x2048":"","small-thumbnail":"","square-thumbnail":"","banner-image":"","mailpoet_newsletter_max":""},"post_excerpt_stackable_v2":"<p>Der Stiftungsrat ist das oberste Organ gem\u00e4ss BVG, seine Aufgaben und Kompetenzen sind im Organisationsreglement festgelegt. Sie finden dieses mit den zus\u00e4tzlichen Anh\u00e4ngen (Organigramm, Funktionen, Kompetenzen und Entsch\u00e4digung) hier: &gt; Reglemente Zusammensetzung Der Stiftungsrat setzt sich zurzeit wie folgt zusammen: Vertretungen der Arbeitnehmenden Mattia Mandaglio, Pr\u00e4sident Heinz Stock, Mitglied Fiona Allegra Vitali, Mitglied Barbara Widmer, Mitglied Vertretungen der Arbeitgebenden Marianne Fassbind, Vizepr\u00e4sidentin Pedro Fischer, Mitglied Caroline G\u00fcrber, Mitglied Dieter Stohler, Mitglied<\/p>\n","category_list_v2":"","author_info_v2":{"name":"admin","url":"https:\/\/pksw.ch\/index.php\/author\/admin\/"},"comments_num_v2":"0 comments","_links":{"self":[{"href":"https:\/\/pksw.ch\/index.php\/wp-json\/wp\/v2\/pages\/507","targetHints":{"allow":["GET"]}}],"collection":[{"href":"https:\/\/pksw.ch\/index.php\/wp-json\/wp\/v2\/pages"}],"about":[{"href":"https:\/\/pksw.ch\/index.php\/wp-json\/wp\/v2\/types\/page"}],"author":[{"embeddable":true,"href":"https:\/\/pksw.ch\/index.php\/wp-json\/wp\/v2\/users\/1"}],"replies":[{"embeddable":true,"href":"https:\/\/pksw.ch\/index.php\/wp-json\/wp\/v2\/comments?post=507"}],"version-history":[{"count":34,"href":"https:\/\/pksw.ch\/index.php\/wp-json\/wp\/v2\/pages\/507\/revisions"}],"predecessor-version":[{"id":17348,"href":"https:\/\/pksw.ch\/index.php\/wp-json\/wp\/v2\/pages\/507\/revisions\/17348"}],"wp:attachment":[{"href":"https:\/\/pksw.ch\/index.php\/wp-json\/wp\/v2\/media?parent=507"}],"curies":[{"name":"wp","href":"https:\/\/api.w.org\/{rel}","templated":true}]}}