{"id":515,"date":"2019-11-21T10:44:18","date_gmt":"2019-11-21T10:44:18","guid":{"rendered":"https:\/\/pksw.ch\/?page_id=515"},"modified":"2021-01-08T14:48:57","modified_gmt":"2021-01-08T14:48:57","slug":"revision","status":"publish","type":"page","link":"https:\/\/pksw.ch\/index.php\/revision\/","title":{"rendered":"Revision"},"content":{"rendered":"\n<p>F\u00fcr die Pr\u00fcfung bestimmt die\nVorsorgeeinrichtung eine Revisionsstelle, die von der Eidgen\u00f6ssischen\nRevisionsaufsichtsbeh\u00f6rde als Revisionsexpertin oder Revisionsexperte nach dem\nRevisionsaufsichtsgesetz vom 16. Dezember 2005 zugelassen sind.<\/p>\n\n\n\n<p>Die Revisionsstelle pr\u00fcft, ob:<\/p>\n\n\n\n<ul class=\"wp-block-list\"><li>die Jahresrechnung und die Alterskonten den gesetzlichen Vorschriften entsprechen;<\/li><li>die Organisation, die Gesch\u00e4ftsf\u00fchrung sowie die Verm\u00f6gensanlage den gesetzlichen und reglementarischen Bestimmungen entsprechen;<\/li><li>die Vorkehren zur Sicherstellung der Loyalit\u00e4t in der Verm\u00f6gensverwaltung getroffen wurden und die Einhaltung der Loyalit\u00e4tspflichten durch das oberste Organ hinreichend kontrolliert      wird;<\/li><li>im Falle einer Unterdeckung die Vorsorgeeinrichtung die erforderlichen Massnahmen zur Wiederherstellung der vollen Deckung eingeleitet hat;<\/li><li>die vom Gesetz verlangten Angaben und Meldungen an die Aufsichtsbeh\u00f6rde gemacht wurden;<\/li><li>die gesetzlichen Bestimmungen zu Rechtsgesch\u00e4ften mit Nahestehenden eingehalten wurden.<\/li><\/ul>\n\n\n\n<p>Die Revisionsstelle h\u00e4lt ihre\nFeststellungen zu den Pr\u00fcfpunkten j\u00e4hrlich in einem Bericht zuhanden des\nobersten Organs der Vorsorgeeinrichtung fest. Dieser Bericht best\u00e4tigt die\nEinhaltung der entsprechenden Vorschriften mit oder ohne Einschr\u00e4nkungen und\nenth\u00e4lt eine Empfehlung \u00fcber die Genehmigung oder R\u00fcckweisung der\nJahresrechnung; diese ist dem Bericht beizulegen. Gem\u00e4ss Weisung der\nOberaufsichtskommission hat die Revisionsstelle einer Vorsorgeeinrichtung die\nMustertestate der Schweizerischen Treuhand Kammer zu verwenden.<\/p>\n\n\n\n<p>Ernst &amp; Young f\u00fchrt das Mandat als Revisionsstelle\nf\u00fcr die PKSW aus. <\/p>\n","protected":false},"excerpt":{"rendered":"<p>F\u00fcr die Pr\u00fcfung bestimmt die Vorsorgeeinrichtung eine Revisionsstelle, die von der Eidgen\u00f6ssischen Revisionsaufsichtsbeh\u00f6rde als Revisionsexpertin oder Revisionsexperte nach dem Revisionsaufsichtsgesetz vom 16. [&hellip;]<\/p>\n","protected":false},"author":1,"featured_media":0,"parent":0,"menu_order":0,"comment_status":"closed","ping_status":"closed","template":"","meta":{"_acf_changed":false,"footnotes":""},"class_list":["post-515","page","type-page","status-publish","hentry"],"acf":[],"featured_image_urls_v2":{"full":"","thumbnail":"","medium":"","medium_large":"","large":"","1536x1536":"","2048x2048":"","small-thumbnail":"","square-thumbnail":"","banner-image":"","mailpoet_newsletter_max":""},"post_excerpt_stackable_v2":"<p>F\u00fcr die Pr\u00fcfung bestimmt die Vorsorgeeinrichtung eine Revisionsstelle, die von der Eidgen\u00f6ssischen Revisionsaufsichtsbeh\u00f6rde als Revisionsexpertin oder Revisionsexperte nach dem Revisionsaufsichtsgesetz vom 16. Dezember 2005 zugelassen sind. Die Revisionsstelle pr\u00fcft, ob: die Jahresrechnung und die Alterskonten den gesetzlichen Vorschriften entsprechen;die Organisation, die Gesch\u00e4ftsf\u00fchrung sowie die Verm\u00f6gensanlage den gesetzlichen und reglementarischen Bestimmungen entsprechen;die Vorkehren zur Sicherstellung der Loyalit\u00e4t in der Verm\u00f6gensverwaltung getroffen wurden und die Einhaltung der Loyalit\u00e4tspflichten durch das oberste Organ hinreichend kontrolliert wird;im Falle einer Unterdeckung die Vorsorgeeinrichtung die erforderlichen Massnahmen zur Wiederherstellung der vollen Deckung eingeleitet hat;die vom Gesetz verlangten Angaben und Meldungen an die Aufsichtsbeh\u00f6rde gemacht wurden;die gesetzlichen&hellip;<\/p>\n","category_list_v2":"","author_info_v2":{"name":"admin","url":"https:\/\/pksw.ch\/index.php\/author\/admin\/"},"comments_num_v2":"0 comments","_links":{"self":[{"href":"https:\/\/pksw.ch\/index.php\/wp-json\/wp\/v2\/pages\/515","targetHints":{"allow":["GET"]}}],"collection":[{"href":"https:\/\/pksw.ch\/index.php\/wp-json\/wp\/v2\/pages"}],"about":[{"href":"https:\/\/pksw.ch\/index.php\/wp-json\/wp\/v2\/types\/page"}],"author":[{"embeddable":true,"href":"https:\/\/pksw.ch\/index.php\/wp-json\/wp\/v2\/users\/1"}],"replies":[{"embeddable":true,"href":"https:\/\/pksw.ch\/index.php\/wp-json\/wp\/v2\/comments?post=515"}],"version-history":[{"count":5,"href":"https:\/\/pksw.ch\/index.php\/wp-json\/wp\/v2\/pages\/515\/revisions"}],"predecessor-version":[{"id":1040,"href":"https:\/\/pksw.ch\/index.php\/wp-json\/wp\/v2\/pages\/515\/revisions\/1040"}],"wp:attachment":[{"href":"https:\/\/pksw.ch\/index.php\/wp-json\/wp\/v2\/media?parent=515"}],"curies":[{"name":"wp","href":"https:\/\/api.w.org\/{rel}","templated":true}]}}