{"id":579,"date":"2019-11-21T14:28:49","date_gmt":"2019-11-21T14:28:49","guid":{"rendered":"https:\/\/pksw.ch\/?page_id=579"},"modified":"2019-11-21T15:03:04","modified_gmt":"2019-11-21T15:03:04","slug":"merkblatter-2","status":"publish","type":"page","link":"https:\/\/pksw.ch\/index.php\/merkblatter-2\/","title":{"rendered":"Merkbl\u00e4tter"},"content":{"rendered":"\n<p>Alle vorhanden Merkbl\u00e4tter finden Sie hier auf einer Seite.<\/p>\n\n\n\n<p><strong><a href=\"https:\/\/pksw.ch\/wp-content\/uploads\/2019\/11\/01_merkblatt_ordentliche_pensionierung.pdf\">Ordentliche Pensionierung<\/a><\/strong><\/p>\n\n\n\n<p><strong><a href=\"https:\/\/pksw.ch\/wp-content\/uploads\/2019\/11\/02_merkblatt_vorzeitige_pensionierung.pdf\">Vorzeitige Pensionierung<\/a><\/strong><\/p>\n\n\n\n<p><strong><a href=\"https:\/\/pksw.ch\/wp-content\/uploads\/2019\/11\/03_merkblatt_teilpensionierung.pdf\">Teilpensionierung<\/a><\/strong><\/p>\n\n\n\n<p><strong><a href=\"https:\/\/pksw.ch\/wp-content\/uploads\/2019\/11\/04_merkblatt_kapitalbezug-1.pdf\">Kapitalbezug<\/a><\/strong><\/p>\n\n\n\n<p><strong><a href=\"https:\/\/pksw.ch\/wp-content\/uploads\/2019\/11\/06_merkblatt_lebenspartner.pdf\">Lebenspartnerschaft<\/a><\/strong><\/p>\n\n\n\n<p><strong><a href=\"https:\/\/pksw.ch\/wp-content\/uploads\/2019\/11\/07_merkblatt_austritt.pdf\">Austritt<\/a><\/strong><\/p>\n\n\n\n<p><strong><a href=\"https:\/\/pksw.ch\/wp-content\/uploads\/2019\/11\/08_merkblatt_wohneigentumsfoerderung.pdf\">Wohneigentumsf\u00f6rderung (WEF)<\/a><\/strong><\/p>\n\n\n\n<p><strong><a href=\"https:\/\/pksw.ch\/wp-content\/uploads\/2019\/11\/Merkblatt_Spargutschriften_Beitr\u00c3\u00a4ge_Internet.pdf\">Beitrags\u00fcbersicht<\/a><\/strong><\/p>\n\n\n\n<p><strong><a href=\"https:\/\/pksw.ch\/wp-content\/uploads\/2019\/11\/Merkblatt_Vorsorge_Internet.pdf\">Vorsorge<\/a><\/strong><\/p>\n\n\n\n<p><strong><a href=\"https:\/\/pksw.ch\/wp-content\/uploads\/2019\/11\/Merkblatt_Eintrittsbrief_Pensionskasse_2019_mit_Unterschriften.pdf\">Eintrittsbrief Pensionskasse<\/a><\/strong><\/p>\n\n\n\n<p>Falls Sie f\u00fcr etwas keine Informationen finden, helfen wir Ihnen gerne weiter.<\/p>\n","protected":false},"excerpt":{"rendered":"<p>Alle vorhanden Merkbl\u00e4tter finden Sie hier auf einer Seite. Ordentliche Pensionierung Vorzeitige Pensionierung Teilpensionierung Kapitalbezug Lebenspartnerschaft Austritt Wohneigentumsf\u00f6rderung (WEF) Beitrags\u00fcbersicht Vorsorge Eintrittsbrief [&hellip;]<\/p>\n","protected":false},"author":1,"featured_media":0,"parent":0,"menu_order":0,"comment_status":"closed","ping_status":"closed","template":"","meta":{"_acf_changed":false,"footnotes":""},"class_list":["post-579","page","type-page","status-publish","hentry"],"acf":[],"featured_image_urls_v2":{"full":"","thumbnail":"","medium":"","medium_large":"","large":"","1536x1536":"","2048x2048":"","small-thumbnail":"","square-thumbnail":"","banner-image":"","mailpoet_newsletter_max":""},"post_excerpt_stackable_v2":"<p>Alle vorhanden Merkbl\u00e4tter finden Sie hier auf einer Seite. Ordentliche Pensionierung Vorzeitige Pensionierung Teilpensionierung Kapitalbezug Lebenspartnerschaft Austritt Wohneigentumsf\u00f6rderung (WEF) Beitrags\u00fcbersicht Vorsorge Eintrittsbrief Pensionskasse Falls Sie f\u00fcr etwas keine Informationen finden, helfen wir Ihnen gerne weiter.<\/p>\n","category_list_v2":"","author_info_v2":{"name":"admin","url":"https:\/\/pksw.ch\/index.php\/author\/admin\/"},"comments_num_v2":"0 comments","_links":{"self":[{"href":"https:\/\/pksw.ch\/index.php\/wp-json\/wp\/v2\/pages\/579","targetHints":{"allow":["GET"]}}],"collection":[{"href":"https:\/\/pksw.ch\/index.php\/wp-json\/wp\/v2\/pages"}],"about":[{"href":"https:\/\/pksw.ch\/index.php\/wp-json\/wp\/v2\/types\/page"}],"author":[{"embeddable":true,"href":"https:\/\/pksw.ch\/index.php\/wp-json\/wp\/v2\/users\/1"}],"replies":[{"embeddable":true,"href":"https:\/\/pksw.ch\/index.php\/wp-json\/wp\/v2\/comments?post=579"}],"version-history":[{"count":4,"href":"https:\/\/pksw.ch\/index.php\/wp-json\/wp\/v2\/pages\/579\/revisions"}],"predecessor-version":[{"id":597,"href":"https:\/\/pksw.ch\/index.php\/wp-json\/wp\/v2\/pages\/579\/revisions\/597"}],"wp:attachment":[{"href":"https:\/\/pksw.ch\/index.php\/wp-json\/wp\/v2\/media?parent=579"}],"curies":[{"name":"wp","href":"https:\/\/api.w.org\/{rel}","templated":true}]}}