{"id":615,"date":"2019-11-22T07:41:50","date_gmt":"2019-11-22T07:41:50","guid":{"rendered":"https:\/\/pksw.ch\/?page_id=615"},"modified":"2024-11-13T14:47:37","modified_gmt":"2024-11-13T14:47:37","slug":"pensionskasse-stadt-winterthur","status":"publish","type":"page","link":"https:\/\/pksw.ch\/index.php\/pensionskasse-stadt-winterthur\/","title":{"rendered":"Pensionskasse Stadt Winterthur"},"content":{"rendered":"\n<p>Die Pensionskasse der Stadt Winterthur (PKSW)&nbsp;ist eine \u00f6ffentlich-rechtliche Vorsorgeeinrichtung. Sie wurde 1911 gegr\u00fcndet und im Jahr 2014 verselbst\u00e4ndigt. Die PKSW versichert die Angestellten der Stadtverwaltung und weiteren 10 angeschlossenen Institutionen in der Stadt Winterthur gegen die wirtschaftlichen Folgen von Alter, Invalidit\u00e4t und Tod.<\/p>\n\n\n\n<p>Die Pensionskassen Verordnung des Grossen Gemeinderates regelt gem\u00e4ss Stiftungsurkunde f\u00fcr die Pensionskasse der Stadt Winterthur allgemeine Grundz\u00fcge und die Finanzierung der Kasse. Der Stiftungsrat erl\u00e4sst die notwendigen erg\u00e4nzenden Regelungen.<\/p>\n\n\n\n<p><strong>><\/strong> <a href=\"https:\/\/pksw.ch\/wp-content\/uploads\/2024\/11\/1.4.8-1-1-2_PK_VO_bis_2025.de_.pdf\" data-type=\"link\" data-id=\"https:\/\/pksw.ch\/wp-content\/uploads\/2024\/11\/1.4.8-1-1-2_PK_VO_bis_2025.de_.pdf\" target=\"_blank\" rel=\"noreferrer noopener\">Pensionskassen-Verordnung bis 31.12.2024<\/a><br><strong>><\/strong> <a href=\"https:\/\/pksw.ch\/wp-content\/uploads\/2024\/11\/1.4.8-1-2-1_PK_VO_ab_2025.de_.pdf\" data-type=\"link\" data-id=\"https:\/\/pksw.ch\/wp-content\/uploads\/2024\/11\/1.4.8-1-2-1_PK_VO_ab_2025.de_.pdf\" target=\"_blank\" rel=\"noreferrer noopener\">Pensionskassen-Verordnung ab 01.01.2025<\/a><br><strong>><\/strong> <a href=\"https:\/\/pksw.ch\/wp-content\/uploads\/2021\/08\/Beilage-04-Stiftungsurkunde-Pensionskasse.pdf\" target=\"_blank\" rel=\"noreferrer noopener\">Stiftungsurkunde<\/a><br><br><strong>><\/strong> <a href=\"https:\/\/parlament.winterthur.ch\/_docn\/4870930\/2023.18eb_-_Beschluss_Parlament_mit_Beilagen.pdf\" target=\"_blank\" rel=\"noreferrer noopener\">Beschluss Stadtparlament Winterthur mit Beilagen<\/a> vom 27. November 2023 <\/p>\n","protected":false},"excerpt":{"rendered":"<p>Die Pensionskasse der Stadt Winterthur (PKSW)&nbsp;ist eine \u00f6ffentlich-rechtliche Vorsorgeeinrichtung. Sie wurde 1911 gegr\u00fcndet und im Jahr 2014 verselbst\u00e4ndigt. Die PKSW versichert die [&hellip;]<\/p>\n","protected":false},"author":1,"featured_media":0,"parent":0,"menu_order":0,"comment_status":"closed","ping_status":"closed","template":"","meta":{"_acf_changed":false,"footnotes":""},"class_list":["post-615","page","type-page","status-publish","hentry"],"acf":[],"featured_image_urls_v2":{"full":"","thumbnail":"","medium":"","medium_large":"","large":"","1536x1536":"","2048x2048":"","small-thumbnail":"","square-thumbnail":"","banner-image":"","mailpoet_newsletter_max":""},"post_excerpt_stackable_v2":"<p>Die Pensionskasse der Stadt Winterthur (PKSW)&nbsp;ist eine \u00f6ffentlich-rechtliche Vorsorgeeinrichtung. Sie wurde 1911 gegr\u00fcndet und im Jahr 2014 verselbst\u00e4ndigt. Die PKSW versichert die Angestellten der Stadtverwaltung und weiteren 10 angeschlossenen Institutionen in der Stadt Winterthur gegen die wirtschaftlichen Folgen von Alter, Invalidit\u00e4t und Tod. Die Pensionskassen Verordnung des Grossen Gemeinderates regelt gem\u00e4ss Stiftungsurkunde f\u00fcr die Pensionskasse der Stadt Winterthur allgemeine Grundz\u00fcge und die Finanzierung der Kasse. Der Stiftungsrat erl\u00e4sst die notwendigen erg\u00e4nzenden Regelungen. > Pensionskassen-Verordnung bis 31.12.2024> Pensionskassen-Verordnung ab 01.01.2025> Stiftungsurkunde> Beschluss Stadtparlament Winterthur mit Beilagen vom 27. November 2023<\/p>\n","category_list_v2":"","author_info_v2":{"name":"admin","url":"https:\/\/pksw.ch\/index.php\/author\/admin\/"},"comments_num_v2":"0 comments","_links":{"self":[{"href":"https:\/\/pksw.ch\/index.php\/wp-json\/wp\/v2\/pages\/615","targetHints":{"allow":["GET"]}}],"collection":[{"href":"https:\/\/pksw.ch\/index.php\/wp-json\/wp\/v2\/pages"}],"about":[{"href":"https:\/\/pksw.ch\/index.php\/wp-json\/wp\/v2\/types\/page"}],"author":[{"embeddable":true,"href":"https:\/\/pksw.ch\/index.php\/wp-json\/wp\/v2\/users\/1"}],"replies":[{"embeddable":true,"href":"https:\/\/pksw.ch\/index.php\/wp-json\/wp\/v2\/comments?post=615"}],"version-history":[{"count":7,"href":"https:\/\/pksw.ch\/index.php\/wp-json\/wp\/v2\/pages\/615\/revisions"}],"predecessor-version":[{"id":17069,"href":"https:\/\/pksw.ch\/index.php\/wp-json\/wp\/v2\/pages\/615\/revisions\/17069"}],"wp:attachment":[{"href":"https:\/\/pksw.ch\/index.php\/wp-json\/wp\/v2\/media?parent=615"}],"curies":[{"name":"wp","href":"https:\/\/api.w.org\/{rel}","templated":true}]}}