{"id":75,"date":"2019-10-21T14:58:09","date_gmt":"2019-10-21T14:58:09","guid":{"rendered":"https:\/\/pksw.ch\/?page_id=75"},"modified":"2019-11-21T10:47:15","modified_gmt":"2019-11-21T10:47:15","slug":"merkblatter","status":"publish","type":"page","link":"https:\/\/pksw.ch\/index.php\/merkblatter\/","title":{"rendered":"Portrait"},"content":{"rendered":"\n<p>Die\nPensionskasse der Stadt Winterthur (PKSW)&nbsp;ist eine \u00f6ffentlich-rechtliche\nVorsorgeeinrichtung. Sie wurde 1911 gegr\u00fcndet und im Jahr 2014 verselbst\u00e4ndigt.\nDie PKSW versichert die Angestellten der Stadtverwaltung und weiteren 13\nangeschlossenen Institutionen in der Stadt Winterthur gegen die wirtschaftlichen\nFolgen von Alter, Invalidit\u00e4t und Tod.<br>\n<br>\n<\/p>\n\n\n\n<p>Die\nPK Verordnung des Grossen Gemeinderates regelt gem\u00e4ss Stiftungsurkunde f\u00fcr die\nPensionskasse der Stadt Winterthur allgemeine Grundz\u00fcge und die Finanzierung\nder Kasse. Der Stiftungsrat erl\u00e4sst die notwendigen erg\u00e4nzenden Regelungen. <\/p>\n","protected":false},"excerpt":{"rendered":"<p>Die Pensionskasse der Stadt Winterthur (PKSW)&nbsp;ist eine \u00f6ffentlich-rechtliche Vorsorgeeinrichtung. Sie wurde 1911 gegr\u00fcndet und im Jahr 2014 verselbst\u00e4ndigt. Die PKSW versichert die [&hellip;]<\/p>\n","protected":false},"author":1,"featured_media":0,"parent":0,"menu_order":0,"comment_status":"closed","ping_status":"closed","template":"","meta":{"_acf_changed":false,"footnotes":""},"class_list":["post-75","page","type-page","status-publish","hentry"],"acf":[],"featured_image_urls_v2":{"full":"","thumbnail":"","medium":"","medium_large":"","large":"","1536x1536":"","2048x2048":"","small-thumbnail":"","square-thumbnail":"","banner-image":"","mailpoet_newsletter_max":""},"post_excerpt_stackable_v2":"<p>Die Pensionskasse der Stadt Winterthur (PKSW)&nbsp;ist eine \u00f6ffentlich-rechtliche Vorsorgeeinrichtung. Sie wurde 1911 gegr\u00fcndet und im Jahr 2014 verselbst\u00e4ndigt. Die PKSW versichert die Angestellten der Stadtverwaltung und weiteren 13 angeschlossenen Institutionen in der Stadt Winterthur gegen die wirtschaftlichen Folgen von Alter, Invalidit\u00e4t und Tod. Die PK Verordnung des Grossen Gemeinderates regelt gem\u00e4ss Stiftungsurkunde f\u00fcr die Pensionskasse der Stadt Winterthur allgemeine Grundz\u00fcge und die Finanzierung der Kasse. Der Stiftungsrat erl\u00e4sst die notwendigen erg\u00e4nzenden Regelungen.<\/p>\n","category_list_v2":"","author_info_v2":{"name":"admin","url":"https:\/\/pksw.ch\/index.php\/author\/admin\/"},"comments_num_v2":"0 comments","_links":{"self":[{"href":"https:\/\/pksw.ch\/index.php\/wp-json\/wp\/v2\/pages\/75","targetHints":{"allow":["GET"]}}],"collection":[{"href":"https:\/\/pksw.ch\/index.php\/wp-json\/wp\/v2\/pages"}],"about":[{"href":"https:\/\/pksw.ch\/index.php\/wp-json\/wp\/v2\/types\/page"}],"author":[{"embeddable":true,"href":"https:\/\/pksw.ch\/index.php\/wp-json\/wp\/v2\/users\/1"}],"replies":[{"embeddable":true,"href":"https:\/\/pksw.ch\/index.php\/wp-json\/wp\/v2\/comments?post=75"}],"version-history":[{"count":3,"href":"https:\/\/pksw.ch\/index.php\/wp-json\/wp\/v2\/pages\/75\/revisions"}],"predecessor-version":[{"id":539,"href":"https:\/\/pksw.ch\/index.php\/wp-json\/wp\/v2\/pages\/75\/revisions\/539"}],"wp:attachment":[{"href":"https:\/\/pksw.ch\/index.php\/wp-json\/wp\/v2\/media?parent=75"}],"curies":[{"name":"wp","href":"https:\/\/api.w.org\/{rel}","templated":true}]}}