{"id":845,"date":"2020-12-16T08:38:39","date_gmt":"2020-12-16T08:38:39","guid":{"rendered":"https:\/\/pksw.ch\/?page_id=845"},"modified":"2021-01-22T13:47:19","modified_gmt":"2021-01-22T13:47:19","slug":"todesfall-anderungen","status":"publish","type":"page","link":"https:\/\/pksw.ch\/index.php\/todesfall-anderungen\/","title":{"rendered":"\u00c4nderungen"},"content":{"rendered":"\n<p><strong><span style=\"color: #000000;\" class=\"ugb-highlight\">\u00c4nderungen im Allgemeinen<\/span><\/strong><br>Sie m\u00f6chten eine Adress\u00e4nderung oder Konto\u00e4nderung melden? Bitte benutzen Sie dazu das \u00c4nderungsformular. <\/p>\n\n\n\n<p><strong>&gt;<\/strong> <a rel=\"noreferrer noopener\" href=\"https:\/\/pksw.ch\/wp-content\/uploads\/2020\/12\/11_formular_aenderungen_neu.pdf\" target=\"_blank\">Formular \u00c4nderunge<\/a><a href=\"https:\/\/pksw.ch\/wp-content\/uploads\/2020\/12\/11_formular_aenderungen_neu.pdf\" target=\"_blank\" rel=\"noreferrer noopener\">n<\/a><\/p>\n","protected":false},"excerpt":{"rendered":"<p>\u00c4nderungen im AllgemeinenSie m\u00f6chten eine Adress\u00e4nderung oder Konto\u00e4nderung melden? Bitte benutzen Sie dazu das \u00c4nderungsformular. &gt; Formular \u00c4nderungen<\/p>\n","protected":false},"author":3,"featured_media":0,"parent":0,"menu_order":0,"comment_status":"closed","ping_status":"closed","template":"","meta":{"_acf_changed":false,"footnotes":""},"class_list":["post-845","page","type-page","status-publish","hentry"],"acf":[],"featured_image_urls_v2":{"full":"","thumbnail":"","medium":"","medium_large":"","large":"","1536x1536":"","2048x2048":"","small-thumbnail":"","square-thumbnail":"","banner-image":"","mailpoet_newsletter_max":""},"post_excerpt_stackable_v2":"<p>\u00c4nderungen im AllgemeinenSie m\u00f6chten eine Adress\u00e4nderung oder Konto\u00e4nderung melden? Bitte benutzen Sie dazu das \u00c4nderungsformular. &gt; Formular \u00c4nderungen<\/p>\n","category_list_v2":"","author_info_v2":{"name":"Seraina Bossi","url":"https:\/\/pksw.ch\/index.php\/author\/pksw\/"},"comments_num_v2":"0 comments","_links":{"self":[{"href":"https:\/\/pksw.ch\/index.php\/wp-json\/wp\/v2\/pages\/845","targetHints":{"allow":["GET"]}}],"collection":[{"href":"https:\/\/pksw.ch\/index.php\/wp-json\/wp\/v2\/pages"}],"about":[{"href":"https:\/\/pksw.ch\/index.php\/wp-json\/wp\/v2\/types\/page"}],"author":[{"embeddable":true,"href":"https:\/\/pksw.ch\/index.php\/wp-json\/wp\/v2\/users\/3"}],"replies":[{"embeddable":true,"href":"https:\/\/pksw.ch\/index.php\/wp-json\/wp\/v2\/comments?post=845"}],"version-history":[{"count":10,"href":"https:\/\/pksw.ch\/index.php\/wp-json\/wp\/v2\/pages\/845\/revisions"}],"predecessor-version":[{"id":1183,"href":"https:\/\/pksw.ch\/index.php\/wp-json\/wp\/v2\/pages\/845\/revisions\/1183"}],"wp:attachment":[{"href":"https:\/\/pksw.ch\/index.php\/wp-json\/wp\/v2\/media?parent=845"}],"curies":[{"name":"wp","href":"https:\/\/api.w.org\/{rel}","templated":true}]}}